{"id":366,"date":"2025-08-27T14:42:17","date_gmt":"2025-08-27T14:42:17","guid":{"rendered":"https:\/\/pinco-casino1.com\/pinco-apk\/"},"modified":"2025-09-04T10:51:15","modified_gmt":"2025-09-04T10:51:15","slug":"pinco-apk","status":"publish","type":"page","link":"https:\/\/pinco-casino1.com\/az\/pinco-apk\/","title":{"rendered":"Pinco apk \u2014 download the app for Android for free"},"content":{"rendered":"\n<div class=\"wp-block-group is-style-content-regular has-global-padding is-layout-constrained wp-block-group-is-layout-constrained is-style-content-regular--1\">\n<h1 class=\"wp-block-heading\">Pinco apk \u2014 Android \u00fc\u00e7\u00fcn t\u0259tbiqi y\u00fckl\u0259yin v\u0259 qura\u015fd\u0131r\u0131n<\/h1>\n\n\n\n<p>M\u00fcasir istifad\u0259\u00e7il\u0259r qumar \u0259yl\u0259nc\u0259l\u0259rini ba\u015flatmaq \u00fc\u00e7\u00fcn getdikc\u0259 daha tez-tez komp\u00fcter \u0259v\u0259zin\u0259 smartfon se\u00e7irl\u0259r. Oyun prosesini asanla\u015fd\u0131rmaq \u00fc\u00e7\u00fcn t\u0259rtibat\u00e7\u0131lar Android \u00fc\u00e7\u00fcn <a href=\"https:\/\/pinco-casino1.com\/az\/\">Pinco<\/a> t\u0259tbiqi apk-n\u0131 yaratd\u0131lar. Proqram t\u0259minat\u0131n\u0131n qura\u015fd\u0131r\u0131lmas\u0131 c\u0259mi bir ne\u00e7\u0259 d\u0259qiq\u0259 \u00e7\u0259kir v\u0259 he\u00e7 bir \u00e7\u0259tin h\u0259r\u0259k\u0259t t\u0259l\u0259b etmir. Y\u00fckl\u0259ndikd\u0259n sonra oyun\u00e7u hesaba sabit giri\u015f \u0259ld\u0259 edir &#8211; bonuslardan t\u0259hl\u00fck\u0259siz \u00f6d\u0259ni\u015fl\u0259r\u0259 q\u0259d\u0259r.<\/p>\n\n\n\n<figure class=\"wp-block-image aligncenter size-full has-custom-border wp-duotone-midnight-filter\"><img loading=\"lazy\" decoding=\"async\" width=\"1120\" height=\"732\" src=\"https:\/\/pinco-casino1.com\/wp-content\/uploads\/2025\/09\/pinco-all-platforms.webp\" alt=\"pinco b\u00fct\u00fcn platformalar\" class=\"wp-image-369\" style=\"border-radius:10px\" srcset=\"https:\/\/pinco-casino1.com\/wp-content\/uploads\/2025\/09\/pinco-all-platforms.webp 1120w, https:\/\/pinco-casino1.com\/wp-content\/uploads\/2025\/09\/pinco-all-platforms-300x196.webp 300w, https:\/\/pinco-casino1.com\/wp-content\/uploads\/2025\/09\/pinco-all-platforms-1024x669.webp 1024w, https:\/\/pinco-casino1.com\/wp-content\/uploads\/2025\/09\/pinco-all-platforms-768x502.webp 768w\" sizes=\"auto, (max-width: 1120px) 100vw, 1120px\" \/><\/figure>\n\n\n\n<div class=\"wp-block-buttons is-content-justification-center is-layout-flex wp-container-core-buttons-is-layout-a89b3969 wp-block-buttons-is-layout-flex\">\n<div class=\"wp-block-button\"><a class=\"wp-block-button__link wp-element-button\" href=\"https:\/\/casinorealmoneyonline.su\/topfs.php?key=ugrpb3oomlso5dwzf7c0\" rel=\"nofollow\">APK Y\u00fckl\u0259yin<\/a><\/div>\n<\/div>\n\n\n\n<h2 class=\"wp-block-heading\">Pinco casino apk-n\u0131n x\u00fcsusiyy\u0259tl\u0259ri<\/h2>\n\n\n\n<p>Proqram r\u0259smi veb-sayt\u0131n b\u00fct\u00fcn funksiyalar\u0131n\u0131 saxlay\u0131r. Proqram t\u0259minat\u0131 mobil cihazlar \u00fc\u00e7\u00fcn uy\u011funla\u015fd\u0131r\u0131l\u0131b. B\u00fct\u00fcn m\u0259lumatlar etibarl\u0131 \u015f\u0259kild\u0259 qorunur. \u018fm\u0259liyyatlar t\u0259hl\u00fck\u0259sizdir. Yeni ba\u015flayanlar sad\u0259 interfeysi anlamaqda he\u00e7 bir \u00e7\u0259tinlik \u00e7\u0259km\u0259y\u0259c\u0259kl\u0259r.<\/p>\n\n\n\n<figure class=\"wp-block-table\"><table class=\"has-fixed-layout\"><tbody><tr><td>D\u0259st\u0259kl\u0259n\u0259n \u018fS<\/td><td>Android 6.0 v\u0259 yuxar\u0131<\/td><\/tr><tr><td>iOS \u00fc\u00e7\u00fcn versiya<\/td><td>Haz\u0131rlanma m\u0259rh\u0259l\u0259sind\u0259dir<\/td><\/tr><tr><td>Fayl \u00f6l\u00e7\u00fcs\u00fc<\/td><td>~ 43 MB<\/td><\/tr><tr><td>Yenil\u0259m\u0259l\u0259r<\/td><td>Ayda 1 d\u0259f\u0259<\/td><\/tr><\/tbody><\/table><\/figure>\n\n\n\n<h2 class=\"wp-block-heading\">Pinco bet apk-n\u0131n \u00fcst\u00fcnl\u00fckl\u0259ri<\/h2>\n\n\n\n<p>Proqram t\u0259minat\u0131n\u0131n \u0259sas \u00fcst\u00fcnl\u00fcy\u00fc onun optimalla\u015fd\u0131r\u0131lmas\u0131d\u0131r. Proqram t\u0259minat\u0131 h\u0259tta \u0259sas x\u00fcsusiyy\u0259tl\u0259r\u0259 malik cihazlarda da sabit i\u015fl\u0259yir. Adaptiv parametrl\u0259r say\u0259sind\u0259 oyun\u00e7ular ist\u0259nil\u0259n yerd\u0259n slotlarda u\u011furla ba\u015flaya bil\u0259rl\u0259r.<\/p>\n\n\n\n<p>Proqram t\u0259minat\u0131n\u0131n x\u00fcsusiyy\u0259tl\u0259ri:<\/p>\n\n\n\n<ul class=\"wp-block-list\">\n<li>Minimal trafik istehlak\u0131. \u0130nterfeys v\u0259 server h\u0259ll\u0259ri b\u00fct\u00fcn laz\u0131mi m\u0259lumatlar\u0131 y\u00fckl\u0259m\u0259k \u00fc\u00e7\u00fcn konfiqurasiya edilib. Bu, internet\u0259 q\u0259na\u0259t edir v\u0259 laz\u0131ms\u0131z gecikm\u0259l\u0259r olmadan oynama\u011fa imkan verir.<\/li>\n\n\n\n<li>\u0130\u015fl\u0259m\u0259 s\u00fcr\u0259ti. B\u00f6lm\u0259l\u0259r d\u0259rhal a\u00e7\u0131l\u0131r. Slotlar v\u0259 ya m\u0259rc x\u0259tl\u0259ri aras\u0131nda ke\u00e7id saniy\u0259l\u0259r \u00e7\u0259kir.<\/li>\n\n\n\n<li>Ba\u011flant\u0131 sabitliyi. Proqram t\u0259minat\u0131 internet ba\u011flant\u0131s\u0131 z\u0259if olduqda bel\u0259 hesaba v\u0259 oyun funksiyalar\u0131na giri\u015fi saxlay\u0131r.<\/li>\n\n\n\n<li>\u0130stifad\u0259\u00e7i dostu interfeys. B\u00fct\u00fcn b\u00f6lm\u0259l\u0259r rahat ke\u00e7idl\u0259r v\u0259 y\u00f6nl\u0259ndirm\u0259l\u0259r \u00fc\u00e7\u00fcn intuitiv olaraq yerl\u0259\u015fdirilib.<\/li>\n\n\n\n<li>Bonuslara v\u0259 promosyonlara giri\u015f. Xo\u015f g\u0259ldin bonuslar\u0131 v\u0259 ke\u015fbek daxil olmaqla promosyon t\u0259klifl\u0259ri r\u0259smi veb-saytdak\u0131larla eynidir.<\/li>\n<\/ul>\n\n\n\n<p>Proqram t\u0259minat\u0131n\u0131n ayd\u0131n \u00fcst\u00fcnl\u00fckl\u0259ri say\u0259sind\u0259 o, oyun\u00e7ular \u00fc\u00e7\u00fcn praktik bir h\u0259ll olur.<\/p>\n\n\n\n<h2 class=\"wp-block-heading\">Pinco casino apk y\u00fckl\u0259m\u0259<\/h2>\n\n\n\n<p>Pinco apk y\u00fckl\u0259m\u0259sini yaln\u0131z brendin r\u0259smi veb-sayt\u0131ndan h\u0259yata ke\u00e7irm\u0259k t\u00f6vsiy\u0259 olunur. O, n\u0259 Google Play-d\u0259, n\u0259 d\u0259 App Store-da m\u00f6vcud deyil. Saxtakarl\u0131\u011f\u0131n qar\u015f\u0131s\u0131n\u0131 almaq v\u0259 m\u0259lumat t\u0259hl\u00fck\u0259sizliyini qorumaq \u00fc\u00e7\u00fcn yaln\u0131z etibarl\u0131 m\u0259nb\u0259d\u0259n istifad\u0259 etm\u0259lisiniz. Cihaz Android 6.0 v\u0259 ya daha yuxar\u0131 versiyada i\u015fl\u0259m\u0259lidir.<\/p>\n\n\n\n<p>Add\u0131m-add\u0131m t\u0259limatlar:<\/p>\n\n\n\n<ol class=\"wp-block-list\">\n<li>R\u0259smi Pinco veb-sayt\u0131na daxil olun.<\/li>\n\n\n\n<li>\u00abPinco casino apk y\u00fckl\u0259\u00bb se\u00e7in.<\/li>\n\n\n\n<li>Qura\u015fd\u0131rma fayl\u0131n\u0131 smartfonunuza yadda saxlay\u0131n.<\/li>\n\n\n\n<li>\u00dc\u00e7\u00fcnc\u00fc t\u0259r\u0259f m\u0259nb\u0259l\u0259rind\u0259n t\u0259tbiql\u0259rin qura\u015fd\u0131r\u0131lmas\u0131na icaz\u0259 verin.<\/li>\n\n\n\n<li>Prosesin tamamlanmas\u0131n\u0131 g\u00f6zl\u0259yin v\u0259 hesab\u0131n\u0131za daxil olun.<\/li>\n<\/ol>\n\n\n\n<p>\u018fg\u0259r Pinco t\u0259tbiqi apk-n\u0131 y\u00fckl\u0259y\u0259 bilmirsinizs\u0259, s\u0259hif\u0259ni yenil\u0259m\u0259y\u0259 v\u0259 ya \u0130nkognito rejimind\u0259n istifad\u0259 etm\u0259y\u0259 c\u0259hd edin. Sayt\u0131n bloklanmas\u0131 hal\u0131nda VPN k\u00f6m\u0259k ed\u0259c\u0259k. H\u0259r hans\u0131 bir \u00e7\u0259tinlik yaranarsa, d\u0259st\u0259k xidm\u0259ti onlar\u0131 h\u0259ll etm\u0259y\u0259 haz\u0131rd\u0131r.<\/p>\n\n\n\n<h3 class=\"wp-block-heading\">Mobil versiya<\/h3>\n\n\n\n<p>Mobil format birba\u015fa smartfon brauzerind\u0259 a\u00e7\u0131l\u0131r. \u0130nterfeys b\u00f6lm\u0259l\u0259ri qoruyaraq ekran diaqonal\u0131na avtomatik olaraq uy\u011funla\u015f\u0131r. He\u00e7 bir \u0259lav\u0259 qura\u015fd\u0131rma t\u0259l\u0259b olunmur.<\/p>\n\n\n\n<p>Optimizasiya s\u00fcr\u0259tli s\u0259hif\u0259 y\u00fckl\u0259nm\u0259sini v\u0259 trafik\u0259 q\u0259na\u0259ti t\u0259min edir. Oyunlar gecikm\u0259 olmadan ba\u015flay\u0131r. V\u0259 t\u0259hl\u00fck\u0259sizlik sistemi \u015f\u0259xsi m\u0259lumatlar\u0131 v\u0259 maliyy\u0259 \u0259m\u0259liyyatlar\u0131n\u0131 qoruyur.<\/p>\n\n\n\n<h2 class=\"wp-block-heading\">FAQ<\/h2>\n\n\n\n<div class=\"schema-faq wp-block-yoast-faq-block\"><div class=\"schema-faq-section\" id=\"faq-question-1756305624601\"><strong class=\"schema-faq-question\">T\u0259tbiq bir ne\u00e7\u0259 dili d\u0259st\u0259kl\u0259yirmi?<\/strong> <p class=\"schema-faq-answer\">B\u0259li, interfeys rus, ingilis v\u0259 bir s\u0131ra dig\u0259r dill\u0259rd\u0259 m\u00f6vcuddur.<\/p> <\/div> <div class=\"schema-faq-section\" id=\"faq-question-1756305636502\"><strong class=\"schema-faq-question\">Hesab\u0131 art\u0131rmadan oynaya bil\u0259c\u0259yim demo oyunlar varm\u0131?<\/strong> <p class=\"schema-faq-answer\">B\u0259li, slotlar v\u0259 b\u0259zi masa\u00fcst\u00fc oyunlar pulsuz rejimd\u0259 i\u015f\u0259 sal\u0131n\u0131r.<\/p> <\/div> <div class=\"schema-faq-section\" id=\"faq-question-1756305645668\"><strong class=\"schema-faq-question\">Versiyan\u0131n aktuall\u0131\u011f\u0131n\u0131 nec\u0259 yoxlaya bil\u0259r\u0259m?<\/strong> <p class=\"schema-faq-answer\">\u018fn son yenil\u0259m\u0259 haqq\u0131nda m\u0259lumat proqram t\u0259minat\u0131n\u0131n parametrl\u0259rind\u0259 g\u00f6st\u0259rilir.<\/p> <\/div> <div class=\"schema-faq-section\" id=\"faq-question-1756305653010\"><strong class=\"schema-faq-question\">Pinco t\u0259tbiqi apk vasit\u0259sil\u0259 oynayark\u0259n bonuslar saxlan\u0131l\u0131rm\u0131?<\/strong> <p class=\"schema-faq-answer\">B\u0259li, promosyonlar v\u0259 bonus proqram\u0131 sayt\u0131n \u015f\u0259rtl\u0259ri il\u0259 tamamil\u0259 \u00fcst-\u00fcst\u0259 d\u00fc\u015f\u00fcr.<\/p> <\/div> <\/div>\n<\/div>\n","protected":false},"excerpt":{"rendered":"<p>Pinco apk \u2014 Android \u00fc\u00e7\u00fcn t\u0259tbiqi y\u00fckl\u0259yin v\u0259 qura\u015fd\u0131r\u0131n M\u00fcasir istifad\u0259\u00e7il\u0259r qumar \u0259yl\u0259nc\u0259l\u0259rini ba\u015flatmaq \u00fc\u00e7\u00fcn getdikc\u0259 daha tez-tez komp\u00fcter \u0259v\u0259zin\u0259 smartfon se\u00e7irl\u0259r. Oyun prosesini asanla\u015fd\u0131rmaq \u00fc\u00e7\u00fcn t\u0259rtibat\u00e7\u0131lar Android \u00fc\u00e7\u00fcn Pinco t\u0259tbiqi apk-n\u0131 yaratd\u0131lar. Proqram t\u0259minat\u0131n\u0131n qura\u015fd\u0131r\u0131lmas\u0131 c\u0259mi bir ne\u00e7\u0259 d\u0259qiq\u0259 \u00e7\u0259kir v\u0259 he\u00e7 bir \u00e7\u0259tin h\u0259r\u0259k\u0259t t\u0259l\u0259b etmir. Y\u00fckl\u0259ndikd\u0259n sonra oyun\u00e7u hesaba sabit giri\u015f \u0259ld\u0259 [&hellip;]<\/p>\n","protected":false},"author":1,"featured_media":369,"parent":0,"menu_order":0,"comment_status":"closed","ping_status":"closed","template":"","meta":{"footnotes":""},"class_list":["post-366","page","type-page","status-publish","has-post-thumbnail","hentry"],"yoast_head":"<!-- This site is optimized with the Yoast SEO plugin v27.5 - https:\/\/yoast.com\/product\/yoast-seo-wordpress\/ -->\n<title>Pinco apk \u2014 Android \u00fc\u00e7\u00fcn proqram\u0131 pulsuz y\u00fckl\u0259yin<\/title>\n<meta name=\"description\" content=\"Android \u00fc\u00e7\u00fcn Pinco apk y\u00fckl\u0259yin. Asan qura\u015fd\u0131rma v\u0259 m\u0259rc v\u0259 kazinolara s\u00fcr\u0259tli giri\u015f. Proqram t\u0259minat\u0131n\u0131n x\u00fcsusiyy\u0259tl\u0259ri v\u0259 \u00fcst\u00fcnl\u00fckl\u0259ri. Bir t\u0259tbiqd\u0259 t\u0259hl\u00fck\u0259sizlik.\" \/>\n<meta name=\"robots\" content=\"index, follow, max-snippet:-1, max-image-preview:large, max-video-preview:-1\" \/>\n<link rel=\"canonical\" href=\"https:\/\/pinco-casino1.com\/az\/pinco-apk\/\" \/>\n<meta property=\"og:locale\" content=\"az_AZ\" \/>\n<meta property=\"og:type\" content=\"article\" \/>\n<meta property=\"og:title\" content=\"Pinco apk \u2014 Android \u00fc\u00e7\u00fcn proqram\u0131 pulsuz y\u00fckl\u0259yin\" \/>\n<meta property=\"og:description\" content=\"Android \u00fc\u00e7\u00fcn Pinco apk y\u00fckl\u0259yin. Asan qura\u015fd\u0131rma v\u0259 m\u0259rc v\u0259 kazinolara s\u00fcr\u0259tli giri\u015f. Proqram t\u0259minat\u0131n\u0131n x\u00fcsusiyy\u0259tl\u0259ri v\u0259 \u00fcst\u00fcnl\u00fckl\u0259ri. Bir t\u0259tbiqd\u0259 t\u0259hl\u00fck\u0259sizlik.\" \/>\n<meta property=\"og:url\" content=\"https:\/\/pinco-casino1.com\/az\/pinco-apk\/\" \/>\n<meta property=\"og:site_name\" content=\"Pinco Casino\" \/>\n<meta property=\"article:modified_time\" content=\"2025-09-04T10:51:15+00:00\" \/>\n<meta property=\"og:image\" content=\"https:\/\/pinco-casino1.com\/wp-content\/uploads\/2025\/09\/pinco-all-platforms.webp\" \/>\n\t<meta property=\"og:image:width\" content=\"1120\" \/>\n\t<meta property=\"og:image:height\" content=\"732\" \/>\n\t<meta property=\"og:image:type\" content=\"image\/webp\" \/>\n<meta name=\"twitter:card\" content=\"summary_large_image\" \/>\n<meta name=\"twitter:label1\" content=\"Est. reading time\" \/>\n\t<meta name=\"twitter:data1\" content=\"3 minutes\" \/>\n<script type=\"application\/ld+json\" class=\"yoast-schema-graph\">{\"@context\":\"https:\\\/\\\/schema.org\",\"@graph\":[{\"@type\":[\"WebPage\",\"FAQPage\"],\"@id\":\"https:\\\/\\\/pinco-casino1.com\\\/az\\\/pinco-apk\\\/\",\"url\":\"https:\\\/\\\/pinco-casino1.com\\\/az\\\/pinco-apk\\\/\",\"name\":\"Pinco apk \u2014 Android \u00fc\u00e7\u00fcn proqram\u0131 pulsuz y\u00fckl\u0259yin\",\"isPartOf\":{\"@id\":\"https:\\\/\\\/pinco-casino1.com\\\/az\\\/#website\"},\"primaryImageOfPage\":{\"@id\":\"https:\\\/\\\/pinco-casino1.com\\\/az\\\/pinco-apk\\\/#primaryimage\"},\"image\":{\"@id\":\"https:\\\/\\\/pinco-casino1.com\\\/az\\\/pinco-apk\\\/#primaryimage\"},\"thumbnailUrl\":\"https:\\\/\\\/pinco-casino1.com\\\/wp-content\\\/uploads\\\/2025\\\/09\\\/pinco-all-platforms.webp\",\"datePublished\":\"2025-08-27T14:42:17+00:00\",\"dateModified\":\"2025-09-04T10:51:15+00:00\",\"description\":\"Android \u00fc\u00e7\u00fcn Pinco apk y\u00fckl\u0259yin. Asan qura\u015fd\u0131rma v\u0259 m\u0259rc v\u0259 kazinolara s\u00fcr\u0259tli giri\u015f. Proqram t\u0259minat\u0131n\u0131n x\u00fcsusiyy\u0259tl\u0259ri v\u0259 \u00fcst\u00fcnl\u00fckl\u0259ri. Bir t\u0259tbiqd\u0259 t\u0259hl\u00fck\u0259sizlik.\",\"breadcrumb\":{\"@id\":\"https:\\\/\\\/pinco-casino1.com\\\/az\\\/pinco-apk\\\/#breadcrumb\"},\"mainEntity\":[{\"@id\":\"https:\\\/\\\/pinco-casino1.com\\\/az\\\/pinco-apk\\\/#faq-question-1756305624601\"},{\"@id\":\"https:\\\/\\\/pinco-casino1.com\\\/az\\\/pinco-apk\\\/#faq-question-1756305636502\"},{\"@id\":\"https:\\\/\\\/pinco-casino1.com\\\/az\\\/pinco-apk\\\/#faq-question-1756305645668\"},{\"@id\":\"https:\\\/\\\/pinco-casino1.com\\\/az\\\/pinco-apk\\\/#faq-question-1756305653010\"}],\"inLanguage\":\"az\",\"potentialAction\":[{\"@type\":\"ReadAction\",\"target\":[\"https:\\\/\\\/pinco-casino1.com\\\/az\\\/pinco-apk\\\/\"]}]},{\"@type\":\"ImageObject\",\"inLanguage\":\"az\",\"@id\":\"https:\\\/\\\/pinco-casino1.com\\\/az\\\/pinco-apk\\\/#primaryimage\",\"url\":\"https:\\\/\\\/pinco-casino1.com\\\/wp-content\\\/uploads\\\/2025\\\/09\\\/pinco-all-platforms.webp\",\"contentUrl\":\"https:\\\/\\\/pinco-casino1.com\\\/wp-content\\\/uploads\\\/2025\\\/09\\\/pinco-all-platforms.webp\",\"width\":1120,\"height\":732,\"caption\":\"pinco b\u00fct\u00fcn platformalar\"},{\"@type\":\"BreadcrumbList\",\"@id\":\"https:\\\/\\\/pinco-casino1.com\\\/az\\\/pinco-apk\\\/#breadcrumb\",\"itemListElement\":[{\"@type\":\"ListItem\",\"position\":1,\"name\":\"Home\",\"item\":\"https:\\\/\\\/pinco-casino1.com\\\/az\\\/\"},{\"@type\":\"ListItem\",\"position\":2,\"name\":\"Pinco apk \u2014 download the app for Android for free\"}]},{\"@type\":\"WebSite\",\"@id\":\"https:\\\/\\\/pinco-casino1.com\\\/az\\\/#website\",\"url\":\"https:\\\/\\\/pinco-casino1.com\\\/az\\\/\",\"name\":\"Pinco Casino\",\"description\":\"5000+ slots, live games, free spins, bonuses and more.\",\"publisher\":{\"@id\":\"https:\\\/\\\/pinco-casino1.com\\\/az\\\/#organization\"},\"potentialAction\":[{\"@type\":\"SearchAction\",\"target\":{\"@type\":\"EntryPoint\",\"urlTemplate\":\"https:\\\/\\\/pinco-casino1.com\\\/az\\\/?s={search_term_string}\"},\"query-input\":{\"@type\":\"PropertyValueSpecification\",\"valueRequired\":true,\"valueName\":\"search_term_string\"}}],\"inLanguage\":\"az\"},{\"@type\":\"Organization\",\"@id\":\"https:\\\/\\\/pinco-casino1.com\\\/az\\\/#organization\",\"name\":\"Pinco Casino\",\"url\":\"https:\\\/\\\/pinco-casino1.com\\\/az\\\/\",\"logo\":{\"@type\":\"ImageObject\",\"inLanguage\":\"az\",\"@id\":\"https:\\\/\\\/pinco-casino1.com\\\/az\\\/#\\\/schema\\\/logo\\\/image\\\/\",\"url\":\"https:\\\/\\\/pinco-casino1.com\\\/wp-content\\\/uploads\\\/2025\\\/02\\\/cropped-pinco-mini-logo.webp\",\"contentUrl\":\"https:\\\/\\\/pinco-casino1.com\\\/wp-content\\\/uploads\\\/2025\\\/02\\\/cropped-pinco-mini-logo.webp\",\"width\":512,\"height\":512,\"caption\":\"Pinco Casino\"},\"image\":{\"@id\":\"https:\\\/\\\/pinco-casino1.com\\\/az\\\/#\\\/schema\\\/logo\\\/image\\\/\"}},{\"@type\":\"Question\",\"@id\":\"https:\\\/\\\/pinco-casino1.com\\\/az\\\/pinco-apk\\\/#faq-question-1756305624601\",\"position\":1,\"url\":\"https:\\\/\\\/pinco-casino1.com\\\/az\\\/pinco-apk\\\/#faq-question-1756305624601\",\"name\":\"Does the app support multiple languages?\",\"answerCount\":1,\"acceptedAnswer\":{\"@type\":\"Answer\",\"text\":\"Yes, the interface is available in Russian, English and a number of other languages.\",\"inLanguage\":\"az\"},\"inLanguage\":\"az\"},{\"@type\":\"Question\",\"@id\":\"https:\\\/\\\/pinco-casino1.com\\\/az\\\/pinco-apk\\\/#faq-question-1756305636502\",\"position\":2,\"url\":\"https:\\\/\\\/pinco-casino1.com\\\/az\\\/pinco-apk\\\/#faq-question-1756305636502\",\"name\":\"Are there any demo games which I can play without topping up the account?\",\"answerCount\":1,\"acceptedAnswer\":{\"@type\":\"Answer\",\"text\":\"Yes, slots and some desktop developments are launched in free mode.\",\"inLanguage\":\"az\"},\"inLanguage\":\"az\"},{\"@type\":\"Question\",\"@id\":\"https:\\\/\\\/pinco-casino1.com\\\/az\\\/pinco-apk\\\/#faq-question-1756305645668\",\"position\":3,\"url\":\"https:\\\/\\\/pinco-casino1.com\\\/az\\\/pinco-apk\\\/#faq-question-1756305645668\",\"name\":\"How can I check the relevance of the version?\",\"answerCount\":1,\"acceptedAnswer\":{\"@type\":\"Answer\",\"text\":\"Information about the latest update is displayed in the software settings.\",\"inLanguage\":\"az\"},\"inLanguage\":\"az\"},{\"@type\":\"Question\",\"@id\":\"https:\\\/\\\/pinco-casino1.com\\\/az\\\/pinco-apk\\\/#faq-question-1756305653010\",\"position\":4,\"url\":\"https:\\\/\\\/pinco-casino1.com\\\/az\\\/pinco-apk\\\/#faq-question-1756305653010\",\"name\":\"Are bonuses saved when playing via Pinco app apk?\",\"answerCount\":1,\"acceptedAnswer\":{\"@type\":\"Answer\",\"text\":\"Yes, the promotions and bonus program fully coincide with the terms of the site.\",\"inLanguage\":\"az\"},\"inLanguage\":\"az\"}]}<\/script>\n<!-- \/ Yoast SEO plugin. -->","yoast_head_json":{"title":"Pinco apk \u2014 Android \u00fc\u00e7\u00fcn proqram\u0131 pulsuz y\u00fckl\u0259yin","description":"Android \u00fc\u00e7\u00fcn Pinco apk y\u00fckl\u0259yin. Asan qura\u015fd\u0131rma v\u0259 m\u0259rc v\u0259 kazinolara s\u00fcr\u0259tli giri\u015f. Proqram t\u0259minat\u0131n\u0131n x\u00fcsusiyy\u0259tl\u0259ri v\u0259 \u00fcst\u00fcnl\u00fckl\u0259ri. Bir t\u0259tbiqd\u0259 t\u0259hl\u00fck\u0259sizlik.","robots":{"index":"index","follow":"follow","max-snippet":"max-snippet:-1","max-image-preview":"max-image-preview:large","max-video-preview":"max-video-preview:-1"},"canonical":"https:\/\/pinco-casino1.com\/az\/pinco-apk\/","og_locale":"az_AZ","og_type":"article","og_title":"Pinco apk \u2014 Android \u00fc\u00e7\u00fcn proqram\u0131 pulsuz y\u00fckl\u0259yin","og_description":"Android \u00fc\u00e7\u00fcn Pinco apk y\u00fckl\u0259yin. Asan qura\u015fd\u0131rma v\u0259 m\u0259rc v\u0259 kazinolara s\u00fcr\u0259tli giri\u015f. Proqram t\u0259minat\u0131n\u0131n x\u00fcsusiyy\u0259tl\u0259ri v\u0259 \u00fcst\u00fcnl\u00fckl\u0259ri. Bir t\u0259tbiqd\u0259 t\u0259hl\u00fck\u0259sizlik.","og_url":"https:\/\/pinco-casino1.com\/az\/pinco-apk\/","og_site_name":"Pinco Casino","article_modified_time":"2025-09-04T10:51:15+00:00","og_image":[{"width":1120,"height":732,"url":"https:\/\/pinco-casino1.com\/wp-content\/uploads\/2025\/09\/pinco-all-platforms.webp","type":"image\/webp"}],"twitter_card":"summary_large_image","twitter_misc":{"Est. reading time":"3 minutes"},"schema":{"@context":"https:\/\/schema.org","@graph":[{"@type":["WebPage","FAQPage"],"@id":"https:\/\/pinco-casino1.com\/az\/pinco-apk\/","url":"https:\/\/pinco-casino1.com\/az\/pinco-apk\/","name":"Pinco apk \u2014 Android \u00fc\u00e7\u00fcn proqram\u0131 pulsuz y\u00fckl\u0259yin","isPartOf":{"@id":"https:\/\/pinco-casino1.com\/az\/#website"},"primaryImageOfPage":{"@id":"https:\/\/pinco-casino1.com\/az\/pinco-apk\/#primaryimage"},"image":{"@id":"https:\/\/pinco-casino1.com\/az\/pinco-apk\/#primaryimage"},"thumbnailUrl":"https:\/\/pinco-casino1.com\/wp-content\/uploads\/2025\/09\/pinco-all-platforms.webp","datePublished":"2025-08-27T14:42:17+00:00","dateModified":"2025-09-04T10:51:15+00:00","description":"Android \u00fc\u00e7\u00fcn Pinco apk y\u00fckl\u0259yin. Asan qura\u015fd\u0131rma v\u0259 m\u0259rc v\u0259 kazinolara s\u00fcr\u0259tli giri\u015f. Proqram t\u0259minat\u0131n\u0131n x\u00fcsusiyy\u0259tl\u0259ri v\u0259 \u00fcst\u00fcnl\u00fckl\u0259ri. Bir t\u0259tbiqd\u0259 t\u0259hl\u00fck\u0259sizlik.","breadcrumb":{"@id":"https:\/\/pinco-casino1.com\/az\/pinco-apk\/#breadcrumb"},"mainEntity":[{"@id":"https:\/\/pinco-casino1.com\/az\/pinco-apk\/#faq-question-1756305624601"},{"@id":"https:\/\/pinco-casino1.com\/az\/pinco-apk\/#faq-question-1756305636502"},{"@id":"https:\/\/pinco-casino1.com\/az\/pinco-apk\/#faq-question-1756305645668"},{"@id":"https:\/\/pinco-casino1.com\/az\/pinco-apk\/#faq-question-1756305653010"}],"inLanguage":"az","potentialAction":[{"@type":"ReadAction","target":["https:\/\/pinco-casino1.com\/az\/pinco-apk\/"]}]},{"@type":"ImageObject","inLanguage":"az","@id":"https:\/\/pinco-casino1.com\/az\/pinco-apk\/#primaryimage","url":"https:\/\/pinco-casino1.com\/wp-content\/uploads\/2025\/09\/pinco-all-platforms.webp","contentUrl":"https:\/\/pinco-casino1.com\/wp-content\/uploads\/2025\/09\/pinco-all-platforms.webp","width":1120,"height":732,"caption":"pinco b\u00fct\u00fcn platformalar"},{"@type":"BreadcrumbList","@id":"https:\/\/pinco-casino1.com\/az\/pinco-apk\/#breadcrumb","itemListElement":[{"@type":"ListItem","position":1,"name":"Home","item":"https:\/\/pinco-casino1.com\/az\/"},{"@type":"ListItem","position":2,"name":"Pinco apk \u2014 download the app for Android for free"}]},{"@type":"WebSite","@id":"https:\/\/pinco-casino1.com\/az\/#website","url":"https:\/\/pinco-casino1.com\/az\/","name":"Pinco Casino","description":"5000+ slots, live games, free spins, bonuses and more.","publisher":{"@id":"https:\/\/pinco-casino1.com\/az\/#organization"},"potentialAction":[{"@type":"SearchAction","target":{"@type":"EntryPoint","urlTemplate":"https:\/\/pinco-casino1.com\/az\/?s={search_term_string}"},"query-input":{"@type":"PropertyValueSpecification","valueRequired":true,"valueName":"search_term_string"}}],"inLanguage":"az"},{"@type":"Organization","@id":"https:\/\/pinco-casino1.com\/az\/#organization","name":"Pinco Casino","url":"https:\/\/pinco-casino1.com\/az\/","logo":{"@type":"ImageObject","inLanguage":"az","@id":"https:\/\/pinco-casino1.com\/az\/#\/schema\/logo\/image\/","url":"https:\/\/pinco-casino1.com\/wp-content\/uploads\/2025\/02\/cropped-pinco-mini-logo.webp","contentUrl":"https:\/\/pinco-casino1.com\/wp-content\/uploads\/2025\/02\/cropped-pinco-mini-logo.webp","width":512,"height":512,"caption":"Pinco Casino"},"image":{"@id":"https:\/\/pinco-casino1.com\/az\/#\/schema\/logo\/image\/"}},{"@type":"Question","@id":"https:\/\/pinco-casino1.com\/az\/pinco-apk\/#faq-question-1756305624601","position":1,"url":"https:\/\/pinco-casino1.com\/az\/pinco-apk\/#faq-question-1756305624601","name":"Does the app support multiple languages?","answerCount":1,"acceptedAnswer":{"@type":"Answer","text":"Yes, the interface is available in Russian, English and a number of other languages.","inLanguage":"az"},"inLanguage":"az"},{"@type":"Question","@id":"https:\/\/pinco-casino1.com\/az\/pinco-apk\/#faq-question-1756305636502","position":2,"url":"https:\/\/pinco-casino1.com\/az\/pinco-apk\/#faq-question-1756305636502","name":"Are there any demo games which I can play without topping up the account?","answerCount":1,"acceptedAnswer":{"@type":"Answer","text":"Yes, slots and some desktop developments are launched in free mode.","inLanguage":"az"},"inLanguage":"az"},{"@type":"Question","@id":"https:\/\/pinco-casino1.com\/az\/pinco-apk\/#faq-question-1756305645668","position":3,"url":"https:\/\/pinco-casino1.com\/az\/pinco-apk\/#faq-question-1756305645668","name":"How can I check the relevance of the version?","answerCount":1,"acceptedAnswer":{"@type":"Answer","text":"Information about the latest update is displayed in the software settings.","inLanguage":"az"},"inLanguage":"az"},{"@type":"Question","@id":"https:\/\/pinco-casino1.com\/az\/pinco-apk\/#faq-question-1756305653010","position":4,"url":"https:\/\/pinco-casino1.com\/az\/pinco-apk\/#faq-question-1756305653010","name":"Are bonuses saved when playing via Pinco app apk?","answerCount":1,"acceptedAnswer":{"@type":"Answer","text":"Yes, the promotions and bonus program fully coincide with the terms of the site.","inLanguage":"az"},"inLanguage":"az"}]}},"_links":{"self":[{"href":"https:\/\/pinco-casino1.com\/az\/wp-json\/wp\/v2\/pages\/366","targetHints":{"allow":["GET"]}}],"collection":[{"href":"https:\/\/pinco-casino1.com\/az\/wp-json\/wp\/v2\/pages"}],"about":[{"href":"https:\/\/pinco-casino1.com\/az\/wp-json\/wp\/v2\/types\/page"}],"author":[{"embeddable":true,"href":"https:\/\/pinco-casino1.com\/az\/wp-json\/wp\/v2\/users\/1"}],"replies":[{"embeddable":true,"href":"https:\/\/pinco-casino1.com\/az\/wp-json\/wp\/v2\/comments?post=366"}],"version-history":[{"count":1,"href":"https:\/\/pinco-casino1.com\/az\/wp-json\/wp\/v2\/pages\/366\/revisions"}],"predecessor-version":[{"id":375,"href":"https:\/\/pinco-casino1.com\/az\/wp-json\/wp\/v2\/pages\/366\/revisions\/375"}],"wp:featuredmedia":[{"embeddable":true,"href":"https:\/\/pinco-casino1.com\/az\/wp-json\/wp\/v2\/media\/369"}],"wp:attachment":[{"href":"https:\/\/pinco-casino1.com\/az\/wp-json\/wp\/v2\/media?parent=366"}],"curies":[{"name":"wp","href":"https:\/\/api.w.org\/{rel}","templated":true}]}}