{"id":266,"date":"2025-08-27T14:42:17","date_gmt":"2025-08-27T14:42:17","guid":{"rendered":"https:\/\/pinco-casino1.com\/pinco-apk\/"},"modified":"2025-08-28T11:39:25","modified_gmt":"2025-08-28T11:39:25","slug":"pinco-apk","status":"publish","type":"page","link":"https:\/\/pinco-casino1.com\/pt-pt\/pinco-apk\/","title":{"rendered":"Pinco apk \u2014 baixe gr\u00e1tis o aplicativo para Android"},"content":{"rendered":"\n<div class=\"wp-block-group is-style-content-regular has-global-padding is-layout-constrained wp-block-group-is-layout-constrained is-style-content-regular--1\">\n<h1 class=\"wp-block-heading\">Pinco apk \u2014 baixe e instale o aplicativo para Android<\/h1>\n\n\n\n<p>Os usu\u00e1rios modernos t\u00eam escolhido cada vez mais o smartphone em vez do computador para acessar entretenimento de jogos de azar. Para facilitar a jogabilidade, os desenvolvedores criaram o <a href=\"https:\/\/pinco-casino1.com\/pt-pt\/\">Pinco<\/a> app apk para Android. A instala\u00e7\u00e3o do software leva apenas alguns minutos e \u043d\u0435 requer nenhuma a\u00e7\u00e3o complicada. Ap\u00f3s o download, o jogador obt\u00e9m acesso est\u00e1vel \u00e0 conta &#8211; de b\u00f4nus a pagamentos seguros.<\/p>\n\n\n\n<figure class=\"wp-block-image size-full has-custom-border wp-duotone-midnight-filter\"><img loading=\"lazy\" decoding=\"async\" width=\"1307\" height=\"917\" src=\"https:\/\/pinco-casino1.com\/wp-content\/uploads\/2025\/08\/pinco-apk-nos-em-todas-as-plataformas-.webp\" alt=\"pinco apk no\u0301s em todas as plataformas\" class=\"wp-image-291\" style=\"border-radius:10px\" srcset=\"https:\/\/pinco-casino1.com\/wp-content\/uploads\/2025\/08\/pinco-apk-nos-em-todas-as-plataformas-.webp 1307w, https:\/\/pinco-casino1.com\/wp-content\/uploads\/2025\/08\/pinco-apk-nos-em-todas-as-plataformas--300x210.webp 300w, https:\/\/pinco-casino1.com\/wp-content\/uploads\/2025\/08\/pinco-apk-nos-em-todas-as-plataformas--1024x718.webp 1024w, https:\/\/pinco-casino1.com\/wp-content\/uploads\/2025\/08\/pinco-apk-nos-em-todas-as-plataformas--768x539.webp 768w\" sizes=\"auto, (max-width: 1307px) 100vw, 1307px\" \/><\/figure>\n\n\n\n<div class=\"wp-block-buttons is-content-justification-center is-layout-flex wp-container-core-buttons-is-layout-a89b3969 wp-block-buttons-is-layout-flex\">\n<div class=\"wp-block-button\"><a class=\"wp-block-button__link wp-element-button\" href=\"https:\/\/casinorealmoneyonline.su\/topfs.php?key=ugrpb3oomlso5dwzf7c0\" rel=\"nofollow\">Descarregar APK<\/a><\/div>\n<\/div>\n\n\n\n<h2 class=\"wp-block-heading\">Recursos do Pinco casino apk<\/h2>\n\n\n\n<p>O programa mant\u00e9m todas as fun\u00e7\u00f5es do site oficial. O software \u00e9 adaptado para dispositivos m\u00f3veis. Todos os dados s\u00e3o protegidos de forma segura. As transa\u00e7\u00f5es s\u00e3o seguras. Os iniciantes n\u00e3o ter\u00e3o problemas para entender a interface simples.<\/p>\n\n\n\n<figure class=\"wp-block-table\"><table class=\"has-fixed-layout\"><tbody><tr><td>SO Suportado<\/td><td>Android 6.0 e superior<\/td><\/tr><tr><td>Vers\u00e3o para iOS<\/td><td>Em desenvolvimento<\/td><\/tr><tr><td>Tamanho do arquivo<\/td><td>~ 43 MB<\/td><\/tr><tr><td>Atualiza\u00e7\u00f5es<\/td><td>1 vez por m\u00eas<\/td><\/tr><\/tbody><\/table><\/figure>\n\n\n\n<h2 class=\"wp-block-heading\">Vantagens do Pinco bet apk<\/h2>\n\n\n\n<p>A principal vantagem do software \u00e9 a sua otimiza\u00e7\u00e3o. O software funciona de forma est\u00e1vel mesmo em dispositivos com caracter\u00edsticas b\u00e1sicas. Gra\u00e7as \u00e0s configura\u00e7\u00f5es adaptativas, os jogadores podem iniciar os ca\u00e7a-n\u00edqueis de qualquer lugar com sucesso.<\/p>\n\n\n\n<p>Recursos do software:<\/p>\n\n\n\n<ul class=\"wp-block-list\">\n<li>Consumo m\u00ednimo de dados. A interface e as solu\u00e7\u00f5es de servidor s\u00e3o configuradas para baixar todas as informa\u00e7\u00f5es necess\u00e1rias. Isso economiza internet e permite que voc\u00ea jogue sem atrasos desnecess\u00e1rios.<\/li>\n\n\n\n<li>Velocidade de opera\u00e7\u00e3o. As se\u00e7\u00f5es abrem imediatamente. Leva segundos para alternar entre ca\u00e7a-n\u00edqueis ou linhas de aposta.<\/li>\n\n\n\n<li>Estabilidade da conex\u00e3o. O software mant\u00e9m o acesso \u00e0 conta e \u00e0s fun\u00e7\u00f5es do jogo mesmo quando a conex\u00e3o com a internet est\u00e1 ruim.<\/li>\n\n\n\n<li>Interface amig\u00e1vel. Todas as se\u00e7\u00f5es est\u00e3o localizadas de forma intuitiva para transi\u00e7\u00f5es e redirecionamentos confort\u00e1veis.<\/li>\n\n\n\n<li>Acesso a b\u00f4nus e promo\u00e7\u00f5es. As ofertas promocionais, incluindo b\u00f4nus de boas-vindas e cashback, s\u00e3o id\u00eanticas \u00e0s do site oficial.<\/li>\n<\/ul>\n\n\n\n<p>Gra\u00e7as \u00e0s claras vantagens do software, ele se torna uma solu\u00e7\u00e3o pr\u00e1tica para os jogadores.<\/p>\n\n\n\n<h2 class=\"wp-block-heading\">Download do Pinco casino apk<\/h2>\n\n\n\n<p>Recomenda-se fazer o download do Pinco apk apenas no site oficial da marca. Ele n\u00e3o est\u00e1 dispon\u00edvel nem no Google Play, nem na App Store. Voc\u00ea deve usar apenas uma fonte confi\u00e1vel para evitar falsifica\u00e7\u00f5es e manter a seguran\u00e7a dos dados. O dispositivo deve rodar com a vers\u00e3o Android 6.0 ou superior.<\/p>\n\n\n\n<p>Instru\u00e7\u00f5es passo a passo:<\/p>\n\n\n\n<ol class=\"wp-block-list\">\n<li>Acesse o site oficial da Pinco.<\/li>\n\n\n\n<li>Selecione a op\u00e7\u00e3o \u00abPinco casino download apk\u00bb.<\/li>\n\n\n\n<li>Salve o arquivo de instala\u00e7\u00e3o no seu smartphone.<\/li>\n\n\n\n<li>Permita a instala\u00e7\u00e3o de aplicativos de fontes de terceiros.<\/li>\n\n\n\n<li>Aguarde a conclus\u00e3o do processo e fa\u00e7a login na sua conta.<\/li>\n<\/ol>\n\n\n\n<p>Se voc\u00ea n\u00e3o conseguir realizar o download do <a href=\"https:\/\/pinco-casino1.com\/pt-pt\/\">Pinco<\/a> app apk, tente atualizar a p\u00e1gina ou usar o modo de navega\u00e7\u00e3o an\u00f4nima. Em caso de bloqueio do site, uma VPN ajudar\u00e1. Em caso de dificuldades, o suporte est\u00e1 pronto para resolv\u00ea-las.<\/p>\n\n\n\n<h3 class=\"wp-block-heading\">Vers\u00e3o m\u00f3vel<\/h3>\n\n\n\n<p>O formato m\u00f3vel abre diretamente no navegador do smartphone. A interface se ajusta automaticamente \u00e0 diagonal da tela, preservando as se\u00e7\u00f5es. Nenhuma instala\u00e7\u00e3o adicional \u00e9 necess\u00e1ria.<\/p>\n\n\n\n<p>A otimiza\u00e7\u00e3o proporciona carregamento r\u00e1pido das p\u00e1ginas e economia de dados. Os jogos iniciam sem atrasos. E o sistema de seguran\u00e7a protege os dados pessoais e as transa\u00e7\u00f5es financeiras.<\/p>\n\n\n\n<h2 class=\"wp-block-heading\">FAQ<\/h2>\n\n\n\n<div class=\"schema-faq wp-block-yoast-faq-block\"><div class=\"schema-faq-section\" id=\"faq-question-1756305624601\"><strong class=\"schema-faq-question\">O aplicativo suporta v\u00e1rios idiomas?<\/strong> <p class=\"schema-faq-answer\">Sim, a interface est\u00e1 dispon\u00edvel em russo, ingl\u00eas e v\u00e1rios outros idiomas.<\/p> <\/div> <div class=\"schema-faq-section\" id=\"faq-question-1756305636502\"><strong class=\"schema-faq-question\">Existem jogos de demonstra\u00e7\u00e3o que eu possa jogar sem depositar na conta?<\/strong> <p class=\"schema-faq-answer\">Sim, ca\u00e7a-n\u00edqueis e alguns jogos de mesa podem ser iniciados no modo gratuito.<\/p> <\/div> <div class=\"schema-faq-section\" id=\"faq-question-1756305645668\"><strong class=\"schema-faq-question\">Como posso verificar a relev\u00e2ncia da vers\u00e3o?<\/strong> <p class=\"schema-faq-answer\">As informa\u00e7\u00f5es sobre a \u00faltima atualiza\u00e7\u00e3o s\u00e3o exibidas nas configura\u00e7\u00f5es do software.<\/p> <\/div> <div class=\"schema-faq-section\" id=\"faq-question-1756305653010\"><strong class=\"schema-faq-question\">Os b\u00f4nus s\u00e3o mantidos ao jogar atrav\u00e9s do Pinco app apk?<\/strong> <p class=\"schema-faq-answer\">Sim, as promo\u00e7\u00f5es e o programa de b\u00f4nus coincidem totalmente com os termos do site.<\/p> <\/div> <\/div>\n<\/div>\n","protected":false},"excerpt":{"rendered":"<p>Pinco apk \u2014 baixe e instale o aplicativo para Android Os usu\u00e1rios modernos t\u00eam escolhido cada vez mais o smartphone em vez do computador para acessar entretenimento de jogos de azar. Para facilitar a jogabilidade, os desenvolvedores criaram o Pinco app apk para Android. A instala\u00e7\u00e3o do software leva apenas alguns minutos e \u043d\u0435 requer [&hellip;]<\/p>\n","protected":false},"author":1,"featured_media":0,"parent":0,"menu_order":0,"comment_status":"closed","ping_status":"closed","template":"","meta":{"footnotes":""},"class_list":["post-266","page","type-page","status-publish","hentry"],"yoast_head":"<!-- This site is optimized with the Yoast SEO plugin v27.5 - https:\/\/yoast.com\/product\/yoast-seo-wordpress\/ -->\n<title>Pinco apk \u2014 baixe gr\u00e1tis o aplicativo para Android<\/title>\n<meta name=\"description\" content=\"Baixar Pinco apk para Android. F\u00e1cil configura\u00e7\u00e3o e acesso r\u00e1pido a apostas e casinos. Caracter\u00edsticas e vantagens do software. Seguran\u00e7a em um \u00fanico aplicativo.\" \/>\n<meta name=\"robots\" content=\"index, follow, max-snippet:-1, max-image-preview:large, max-video-preview:-1\" \/>\n<link rel=\"canonical\" href=\"https:\/\/pinco-casino1.com\/pt-pt\/pinco-apk\/\" \/>\n<meta property=\"og:locale\" content=\"pt_PT\" \/>\n<meta property=\"og:type\" content=\"article\" \/>\n<meta property=\"og:title\" content=\"Pinco apk \u2014 baixe gr\u00e1tis o aplicativo para Android\" \/>\n<meta property=\"og:description\" content=\"Baixar Pinco apk para Android. F\u00e1cil configura\u00e7\u00e3o e acesso r\u00e1pido a apostas e casinos. Caracter\u00edsticas e vantagens do software. Seguran\u00e7a em um \u00fanico aplicativo.\" \/>\n<meta property=\"og:url\" content=\"https:\/\/pinco-casino1.com\/pt-pt\/pinco-apk\/\" \/>\n<meta property=\"og:site_name\" content=\"Pinco Casino\" \/>\n<meta property=\"article:modified_time\" content=\"2025-08-28T11:39:25+00:00\" \/>\n<meta property=\"og:image\" content=\"https:\/\/pinco-casino1.com\/wp-content\/uploads\/2025\/08\/pinco-apk-nos-em-todas-as-plataformas-.webp\" \/>\n\t<meta property=\"og:image:width\" content=\"1307\" \/>\n\t<meta property=\"og:image:height\" content=\"917\" \/>\n\t<meta property=\"og:image:type\" content=\"image\/webp\" \/>\n<meta name=\"twitter:card\" content=\"summary_large_image\" \/>\n<meta name=\"twitter:label1\" content=\"Tempo estimado de leitura\" \/>\n\t<meta name=\"twitter:data1\" content=\"3 minutos\" \/>\n<script type=\"application\/ld+json\" class=\"yoast-schema-graph\">{\"@context\":\"https:\\\/\\\/schema.org\",\"@graph\":[{\"@type\":[\"WebPage\",\"FAQPage\"],\"@id\":\"https:\\\/\\\/pinco-casino1.com\\\/pt-pt\\\/pinco-apk\\\/\",\"url\":\"https:\\\/\\\/pinco-casino1.com\\\/pt-pt\\\/pinco-apk\\\/\",\"name\":\"Pinco apk \u2014 baixe gr\u00e1tis o aplicativo para Android\",\"isPartOf\":{\"@id\":\"https:\\\/\\\/pinco-casino1.com\\\/pt-pt\\\/#website\"},\"primaryImageOfPage\":{\"@id\":\"https:\\\/\\\/pinco-casino1.com\\\/pt-pt\\\/pinco-apk\\\/#primaryimage\"},\"image\":{\"@id\":\"https:\\\/\\\/pinco-casino1.com\\\/pt-pt\\\/pinco-apk\\\/#primaryimage\"},\"thumbnailUrl\":\"https:\\\/\\\/pinco-casino1.com\\\/wp-content\\\/uploads\\\/2025\\\/08\\\/pinco-apk-nos-em-todas-as-plataformas-.webp\",\"datePublished\":\"2025-08-27T14:42:17+00:00\",\"dateModified\":\"2025-08-28T11:39:25+00:00\",\"description\":\"Baixar Pinco apk para Android. F\u00e1cil configura\u00e7\u00e3o e acesso r\u00e1pido a apostas e casinos. Caracter\u00edsticas e vantagens do software. Seguran\u00e7a em um \u00fanico aplicativo.\",\"breadcrumb\":{\"@id\":\"https:\\\/\\\/pinco-casino1.com\\\/pt-pt\\\/pinco-apk\\\/#breadcrumb\"},\"mainEntity\":[{\"@id\":\"https:\\\/\\\/pinco-casino1.com\\\/pt-pt\\\/pinco-apk\\\/#faq-question-1756305624601\"},{\"@id\":\"https:\\\/\\\/pinco-casino1.com\\\/pt-pt\\\/pinco-apk\\\/#faq-question-1756305636502\"},{\"@id\":\"https:\\\/\\\/pinco-casino1.com\\\/pt-pt\\\/pinco-apk\\\/#faq-question-1756305645668\"},{\"@id\":\"https:\\\/\\\/pinco-casino1.com\\\/pt-pt\\\/pinco-apk\\\/#faq-question-1756305653010\"}],\"inLanguage\":\"pt-PT\",\"potentialAction\":[{\"@type\":\"ReadAction\",\"target\":[\"https:\\\/\\\/pinco-casino1.com\\\/pt-pt\\\/pinco-apk\\\/\"]}]},{\"@type\":\"ImageObject\",\"inLanguage\":\"pt-PT\",\"@id\":\"https:\\\/\\\/pinco-casino1.com\\\/pt-pt\\\/pinco-apk\\\/#primaryimage\",\"url\":\"https:\\\/\\\/pinco-casino1.com\\\/wp-content\\\/uploads\\\/2025\\\/08\\\/pinco-apk-nos-em-todas-as-plataformas-.webp\",\"contentUrl\":\"https:\\\/\\\/pinco-casino1.com\\\/wp-content\\\/uploads\\\/2025\\\/08\\\/pinco-apk-nos-em-todas-as-plataformas-.webp\"},{\"@type\":\"BreadcrumbList\",\"@id\":\"https:\\\/\\\/pinco-casino1.com\\\/pt-pt\\\/pinco-apk\\\/#breadcrumb\",\"itemListElement\":[{\"@type\":\"ListItem\",\"position\":1,\"name\":\"Home\",\"item\":\"https:\\\/\\\/pinco-casino1.com\\\/pt-pt\\\/\"},{\"@type\":\"ListItem\",\"position\":2,\"name\":\"Pinco apk \u2014 baixe gr\u00e1tis o aplicativo para Android\"}]},{\"@type\":\"WebSite\",\"@id\":\"https:\\\/\\\/pinco-casino1.com\\\/pt-pt\\\/#website\",\"url\":\"https:\\\/\\\/pinco-casino1.com\\\/pt-pt\\\/\",\"name\":\"Pinco Casino\",\"description\":\"5000+ slots, live games, free spins, bonuses and more.\",\"publisher\":{\"@id\":\"https:\\\/\\\/pinco-casino1.com\\\/pt-pt\\\/#organization\"},\"potentialAction\":[{\"@type\":\"SearchAction\",\"target\":{\"@type\":\"EntryPoint\",\"urlTemplate\":\"https:\\\/\\\/pinco-casino1.com\\\/pt-pt\\\/?s={search_term_string}\"},\"query-input\":{\"@type\":\"PropertyValueSpecification\",\"valueRequired\":true,\"valueName\":\"search_term_string\"}}],\"inLanguage\":\"pt-PT\"},{\"@type\":\"Organization\",\"@id\":\"https:\\\/\\\/pinco-casino1.com\\\/pt-pt\\\/#organization\",\"name\":\"Pinco Casino\",\"url\":\"https:\\\/\\\/pinco-casino1.com\\\/pt-pt\\\/\",\"logo\":{\"@type\":\"ImageObject\",\"inLanguage\":\"pt-PT\",\"@id\":\"https:\\\/\\\/pinco-casino1.com\\\/pt-pt\\\/#\\\/schema\\\/logo\\\/image\\\/\",\"url\":\"https:\\\/\\\/pinco-casino1.com\\\/wp-content\\\/uploads\\\/2025\\\/02\\\/cropped-pinco-mini-logo.webp\",\"contentUrl\":\"https:\\\/\\\/pinco-casino1.com\\\/wp-content\\\/uploads\\\/2025\\\/02\\\/cropped-pinco-mini-logo.webp\",\"width\":512,\"height\":512,\"caption\":\"Pinco Casino\"},\"image\":{\"@id\":\"https:\\\/\\\/pinco-casino1.com\\\/pt-pt\\\/#\\\/schema\\\/logo\\\/image\\\/\"}},{\"@type\":\"Question\",\"@id\":\"https:\\\/\\\/pinco-casino1.com\\\/pt-pt\\\/pinco-apk\\\/#faq-question-1756305624601\",\"position\":1,\"url\":\"https:\\\/\\\/pinco-casino1.com\\\/pt-pt\\\/pinco-apk\\\/#faq-question-1756305624601\",\"name\":\"O aplicativo suporta v\u00e1rios idiomas?\",\"answerCount\":1,\"acceptedAnswer\":{\"@type\":\"Answer\",\"text\":\"Sim, a interface est\u00e1 dispon\u00edvel em russo, ingl\u00eas e v\u00e1rios outros idiomas.\",\"inLanguage\":\"pt-PT\"},\"inLanguage\":\"pt-PT\"},{\"@type\":\"Question\",\"@id\":\"https:\\\/\\\/pinco-casino1.com\\\/pt-pt\\\/pinco-apk\\\/#faq-question-1756305636502\",\"position\":2,\"url\":\"https:\\\/\\\/pinco-casino1.com\\\/pt-pt\\\/pinco-apk\\\/#faq-question-1756305636502\",\"name\":\"Existem jogos de demonstra\u00e7\u00e3o que eu possa jogar sem depositar na conta?\",\"answerCount\":1,\"acceptedAnswer\":{\"@type\":\"Answer\",\"text\":\"Sim, ca\u00e7a-n\u00edqueis e alguns jogos de mesa podem ser iniciados no modo gratuito.\",\"inLanguage\":\"pt-PT\"},\"inLanguage\":\"pt-PT\"},{\"@type\":\"Question\",\"@id\":\"https:\\\/\\\/pinco-casino1.com\\\/pt-pt\\\/pinco-apk\\\/#faq-question-1756305645668\",\"position\":3,\"url\":\"https:\\\/\\\/pinco-casino1.com\\\/pt-pt\\\/pinco-apk\\\/#faq-question-1756305645668\",\"name\":\"Como posso verificar a relev\u00e2ncia da vers\u00e3o?\",\"answerCount\":1,\"acceptedAnswer\":{\"@type\":\"Answer\",\"text\":\"As informa\u00e7\u00f5es sobre a \u00faltima atualiza\u00e7\u00e3o s\u00e3o exibidas nas configura\u00e7\u00f5es do software.\",\"inLanguage\":\"pt-PT\"},\"inLanguage\":\"pt-PT\"},{\"@type\":\"Question\",\"@id\":\"https:\\\/\\\/pinco-casino1.com\\\/pt-pt\\\/pinco-apk\\\/#faq-question-1756305653010\",\"position\":4,\"url\":\"https:\\\/\\\/pinco-casino1.com\\\/pt-pt\\\/pinco-apk\\\/#faq-question-1756305653010\",\"name\":\"Os b\u00f4nus s\u00e3o mantidos ao jogar atrav\u00e9s do Pinco app apk?\",\"answerCount\":1,\"acceptedAnswer\":{\"@type\":\"Answer\",\"text\":\"Sim, as promo\u00e7\u00f5es e o programa de b\u00f4nus coincidem totalmente com os termos do site.\",\"inLanguage\":\"pt-PT\"},\"inLanguage\":\"pt-PT\"}]}<\/script>\n<!-- \/ Yoast SEO plugin. -->","yoast_head_json":{"title":"Pinco apk \u2014 baixe gr\u00e1tis o aplicativo para Android","description":"Baixar Pinco apk para Android. F\u00e1cil configura\u00e7\u00e3o e acesso r\u00e1pido a apostas e casinos. Caracter\u00edsticas e vantagens do software. Seguran\u00e7a em um \u00fanico aplicativo.","robots":{"index":"index","follow":"follow","max-snippet":"max-snippet:-1","max-image-preview":"max-image-preview:large","max-video-preview":"max-video-preview:-1"},"canonical":"https:\/\/pinco-casino1.com\/pt-pt\/pinco-apk\/","og_locale":"pt_PT","og_type":"article","og_title":"Pinco apk \u2014 baixe gr\u00e1tis o aplicativo para Android","og_description":"Baixar Pinco apk para Android. F\u00e1cil configura\u00e7\u00e3o e acesso r\u00e1pido a apostas e casinos. Caracter\u00edsticas e vantagens do software. Seguran\u00e7a em um \u00fanico aplicativo.","og_url":"https:\/\/pinco-casino1.com\/pt-pt\/pinco-apk\/","og_site_name":"Pinco Casino","article_modified_time":"2025-08-28T11:39:25+00:00","og_image":[{"width":1307,"height":917,"url":"https:\/\/pinco-casino1.com\/wp-content\/uploads\/2025\/08\/pinco-apk-nos-em-todas-as-plataformas-.webp","type":"image\/webp"}],"twitter_card":"summary_large_image","twitter_misc":{"Tempo estimado de leitura":"3 minutos"},"schema":{"@context":"https:\/\/schema.org","@graph":[{"@type":["WebPage","FAQPage"],"@id":"https:\/\/pinco-casino1.com\/pt-pt\/pinco-apk\/","url":"https:\/\/pinco-casino1.com\/pt-pt\/pinco-apk\/","name":"Pinco apk \u2014 baixe gr\u00e1tis o aplicativo para Android","isPartOf":{"@id":"https:\/\/pinco-casino1.com\/pt-pt\/#website"},"primaryImageOfPage":{"@id":"https:\/\/pinco-casino1.com\/pt-pt\/pinco-apk\/#primaryimage"},"image":{"@id":"https:\/\/pinco-casino1.com\/pt-pt\/pinco-apk\/#primaryimage"},"thumbnailUrl":"https:\/\/pinco-casino1.com\/wp-content\/uploads\/2025\/08\/pinco-apk-nos-em-todas-as-plataformas-.webp","datePublished":"2025-08-27T14:42:17+00:00","dateModified":"2025-08-28T11:39:25+00:00","description":"Baixar Pinco apk para Android. F\u00e1cil configura\u00e7\u00e3o e acesso r\u00e1pido a apostas e casinos. Caracter\u00edsticas e vantagens do software. Seguran\u00e7a em um \u00fanico aplicativo.","breadcrumb":{"@id":"https:\/\/pinco-casino1.com\/pt-pt\/pinco-apk\/#breadcrumb"},"mainEntity":[{"@id":"https:\/\/pinco-casino1.com\/pt-pt\/pinco-apk\/#faq-question-1756305624601"},{"@id":"https:\/\/pinco-casino1.com\/pt-pt\/pinco-apk\/#faq-question-1756305636502"},{"@id":"https:\/\/pinco-casino1.com\/pt-pt\/pinco-apk\/#faq-question-1756305645668"},{"@id":"https:\/\/pinco-casino1.com\/pt-pt\/pinco-apk\/#faq-question-1756305653010"}],"inLanguage":"pt-PT","potentialAction":[{"@type":"ReadAction","target":["https:\/\/pinco-casino1.com\/pt-pt\/pinco-apk\/"]}]},{"@type":"ImageObject","inLanguage":"pt-PT","@id":"https:\/\/pinco-casino1.com\/pt-pt\/pinco-apk\/#primaryimage","url":"https:\/\/pinco-casino1.com\/wp-content\/uploads\/2025\/08\/pinco-apk-nos-em-todas-as-plataformas-.webp","contentUrl":"https:\/\/pinco-casino1.com\/wp-content\/uploads\/2025\/08\/pinco-apk-nos-em-todas-as-plataformas-.webp"},{"@type":"BreadcrumbList","@id":"https:\/\/pinco-casino1.com\/pt-pt\/pinco-apk\/#breadcrumb","itemListElement":[{"@type":"ListItem","position":1,"name":"Home","item":"https:\/\/pinco-casino1.com\/pt-pt\/"},{"@type":"ListItem","position":2,"name":"Pinco apk \u2014 baixe gr\u00e1tis o aplicativo para Android"}]},{"@type":"WebSite","@id":"https:\/\/pinco-casino1.com\/pt-pt\/#website","url":"https:\/\/pinco-casino1.com\/pt-pt\/","name":"Pinco Casino","description":"5000+ slots, live games, free spins, bonuses and more.","publisher":{"@id":"https:\/\/pinco-casino1.com\/pt-pt\/#organization"},"potentialAction":[{"@type":"SearchAction","target":{"@type":"EntryPoint","urlTemplate":"https:\/\/pinco-casino1.com\/pt-pt\/?s={search_term_string}"},"query-input":{"@type":"PropertyValueSpecification","valueRequired":true,"valueName":"search_term_string"}}],"inLanguage":"pt-PT"},{"@type":"Organization","@id":"https:\/\/pinco-casino1.com\/pt-pt\/#organization","name":"Pinco Casino","url":"https:\/\/pinco-casino1.com\/pt-pt\/","logo":{"@type":"ImageObject","inLanguage":"pt-PT","@id":"https:\/\/pinco-casino1.com\/pt-pt\/#\/schema\/logo\/image\/","url":"https:\/\/pinco-casino1.com\/wp-content\/uploads\/2025\/02\/cropped-pinco-mini-logo.webp","contentUrl":"https:\/\/pinco-casino1.com\/wp-content\/uploads\/2025\/02\/cropped-pinco-mini-logo.webp","width":512,"height":512,"caption":"Pinco Casino"},"image":{"@id":"https:\/\/pinco-casino1.com\/pt-pt\/#\/schema\/logo\/image\/"}},{"@type":"Question","@id":"https:\/\/pinco-casino1.com\/pt-pt\/pinco-apk\/#faq-question-1756305624601","position":1,"url":"https:\/\/pinco-casino1.com\/pt-pt\/pinco-apk\/#faq-question-1756305624601","name":"O aplicativo suporta v\u00e1rios idiomas?","answerCount":1,"acceptedAnswer":{"@type":"Answer","text":"Sim, a interface est\u00e1 dispon\u00edvel em russo, ingl\u00eas e v\u00e1rios outros idiomas.","inLanguage":"pt-PT"},"inLanguage":"pt-PT"},{"@type":"Question","@id":"https:\/\/pinco-casino1.com\/pt-pt\/pinco-apk\/#faq-question-1756305636502","position":2,"url":"https:\/\/pinco-casino1.com\/pt-pt\/pinco-apk\/#faq-question-1756305636502","name":"Existem jogos de demonstra\u00e7\u00e3o que eu possa jogar sem depositar na conta?","answerCount":1,"acceptedAnswer":{"@type":"Answer","text":"Sim, ca\u00e7a-n\u00edqueis e alguns jogos de mesa podem ser iniciados no modo gratuito.","inLanguage":"pt-PT"},"inLanguage":"pt-PT"},{"@type":"Question","@id":"https:\/\/pinco-casino1.com\/pt-pt\/pinco-apk\/#faq-question-1756305645668","position":3,"url":"https:\/\/pinco-casino1.com\/pt-pt\/pinco-apk\/#faq-question-1756305645668","name":"Como posso verificar a relev\u00e2ncia da vers\u00e3o?","answerCount":1,"acceptedAnswer":{"@type":"Answer","text":"As informa\u00e7\u00f5es sobre a \u00faltima atualiza\u00e7\u00e3o s\u00e3o exibidas nas configura\u00e7\u00f5es do software.","inLanguage":"pt-PT"},"inLanguage":"pt-PT"},{"@type":"Question","@id":"https:\/\/pinco-casino1.com\/pt-pt\/pinco-apk\/#faq-question-1756305653010","position":4,"url":"https:\/\/pinco-casino1.com\/pt-pt\/pinco-apk\/#faq-question-1756305653010","name":"Os b\u00f4nus s\u00e3o mantidos ao jogar atrav\u00e9s do Pinco app apk?","answerCount":1,"acceptedAnswer":{"@type":"Answer","text":"Sim, as promo\u00e7\u00f5es e o programa de b\u00f4nus coincidem totalmente com os termos do site.","inLanguage":"pt-PT"},"inLanguage":"pt-PT"}]}},"_links":{"self":[{"href":"https:\/\/pinco-casino1.com\/pt-pt\/wp-json\/wp\/v2\/pages\/266","targetHints":{"allow":["GET"]}}],"collection":[{"href":"https:\/\/pinco-casino1.com\/pt-pt\/wp-json\/wp\/v2\/pages"}],"about":[{"href":"https:\/\/pinco-casino1.com\/pt-pt\/wp-json\/wp\/v2\/types\/page"}],"author":[{"embeddable":true,"href":"https:\/\/pinco-casino1.com\/pt-pt\/wp-json\/wp\/v2\/users\/1"}],"replies":[{"embeddable":true,"href":"https:\/\/pinco-casino1.com\/pt-pt\/wp-json\/wp\/v2\/comments?post=266"}],"version-history":[{"count":2,"href":"https:\/\/pinco-casino1.com\/pt-pt\/wp-json\/wp\/v2\/pages\/266\/revisions"}],"predecessor-version":[{"id":295,"href":"https:\/\/pinco-casino1.com\/pt-pt\/wp-json\/wp\/v2\/pages\/266\/revisions\/295"}],"wp:attachment":[{"href":"https:\/\/pinco-casino1.com\/pt-pt\/wp-json\/wp\/v2\/media?parent=266"}],"curies":[{"name":"wp","href":"https:\/\/api.w.org\/{rel}","templated":true}]}}