{"id":272,"date":"2025-02-17T17:23:06","date_gmt":"2025-02-17T17:23:06","guid":{"rendered":"https:\/\/pinco-casino1.com\/privacy-policy\/"},"modified":"2025-11-13T15:57:35","modified_gmt":"2025-11-13T15:57:35","slug":"politica-de-privacidade","status":"publish","type":"page","link":"https:\/\/pinco-casino1.com\/pt-pt\/politica-de-privacidade\/","title":{"rendered":"Pol\u00edtica de Privacidade"},"content":{"rendered":"\n<div class=\"wp-block-group is-style-default has-global-padding is-layout-constrained wp-block-group-is-layout-constrained\">\n<h2 class=\"wp-block-heading\">Quem somos<\/h2>\n\n\n\n<p>O endere\u00e7o do nosso site <a href=\"https:\/\/pinco-casino1.com\/\">pinco casino<\/a> \u00e9: https:\/\/pinco-casino1.com.<\/p>\n\n\n\n<h2 class=\"wp-block-heading\">Coment\u00e1rios<\/h2>\n\n\n\n<p>Quando os visitantes deixam coment\u00e1rios no site, recolhemos os dados exibidos no formul\u00e1rio de coment\u00e1rios, bem como o endere\u00e7o de IP do visitante e a string do agente do utilizador do navegador para ajudar na dete\u00e7\u00e3o de spam.<\/p>\n\n\n\n<p>Uma string an\u00f3nima criada a partir do seu endere\u00e7o de e-mail (tamb\u00e9m chamada de hash) pode ser fornecida ao servi\u00e7o Gravatar para verificar se voc\u00ea o est\u00e1 a usar. A pol\u00edtica de privacidade do servi\u00e7o Gravatar est\u00e1 dispon\u00edvel aqui: https:\/\/automattic.com\/privacy\/. Ap\u00f3s a aprova\u00e7\u00e3o do seu coment\u00e1rio, a sua imagem de perfil fica vis\u00edvel para o p\u00fablico no contexto do seu coment\u00e1rio.<\/p>\n\n\n\n<h2 class=\"wp-block-heading\">M\u00eddia<\/h2>\n\n\n\n<p>Se carregar imagens para o site, deve evitar carregar imagens com dados de localiza\u00e7\u00e3o incorporados (EXIF GPS) inclu\u00eddos. Os visitantes do site podem descarregar e extrair quaisquer dados de localiza\u00e7\u00e3o das imagens no site.<\/p>\n\n\n\n<h2 class=\"wp-block-heading\">Cookies<\/h2>\n\n\n\n<p>Se deixar um coment\u00e1rio no nosso site, pode optar por guardar o seu nome, endere\u00e7o de e-mail e site em cookies. Estes s\u00e3o para sua conveni\u00eancia, para que n\u00e3o precise de preencher os seus dados novamente quando deixar outro coment\u00e1rio. Estes cookies durar\u00e3o um ano.<\/p>\n\n\n\n<p>Se visitar a nossa p\u00e1gina de in\u00edcio de sess\u00e3o, definiremos um cookie tempor\u00e1rio para determinar se o seu navegador aceita cookies. Este cookie n\u00e3o cont\u00e9m dados pessoais \u0438 \u00e9 descartado quando fecha o seu navegador.<\/p>\n\n\n\n<p>Ao iniciar sess\u00e3o, tamb\u00e9m configuraremos v\u00e1rios cookies \u0434\u043b\u044f guardar as suas informa\u00e7\u00f5es de in\u00edcio de sess\u00e3o e as suas escolhas de exibi\u00e7\u00e3o de ecr\u00e3. Os cookies de in\u00edcio de sess\u00e3o duram dois dias e os cookies de op\u00e7\u00f5es de ecr\u00e3 duram um ano. Se selecionar &#8220;Lembrar-me&#8221;, o seu in\u00edcio de sess\u00e3o persistir\u00e1 por duas semanas. Se terminar a sess\u00e3o da sua conta, os cookies de in\u00edcio de sess\u00e3o ser\u00e3o removidos.<\/p>\n\n\n\n<p>Se editar ou publicar um artigo, um cookie adicional ser\u00e1 guardado no seu navegador. Este cookie n\u00e3o inclui dados pessoais e simplesmente indica o ID do artigo que acabou de editar. Expira ap\u00f3s 1 dia.<\/p>\n\n\n\n<h2 class=\"wp-block-heading\">Conte\u00fado incorporado de outros sites<\/h2>\n\n\n\n<p>Os artigos neste site podem incluir conte\u00fado incorporado (por exemplo, v\u00eddeos, imagens, artigos, etc.). O conte\u00fado incorporado de outros sites comporta-se exatamente da mesma forma como se o visitante tivesse visitado o outro site.<\/p>\n\n\n\n<p>Esses sites podem recolher dados sobre si, usar cookies, incorporar rastreamento adicional de terceiros e monitorizar a sua intera\u00e7\u00e3o com esse conte\u00fado incorporado, incluindo o rastreamento da sua intera\u00e7\u00e3o com o conte\u00fado incorporado se tiver uma conta e estiver com a sess\u00e3o iniciada nesse site.<\/p>\n\n\n\n<h2 class=\"wp-block-heading\">Com quem partilhamos os seus dados<\/h2>\n\n\n\n<p>Se solicitar uma redefini\u00e7\u00e3o de senha, o seu endere\u00e7o de IP ser\u00e1 inclu\u00eddo no e-mail de redefini\u00e7\u00e3o.<\/p>\n\n\n\n<h2 class=\"wp-block-heading\">Por quanto tempo retemos os seus dados<\/h2>\n\n\n\n<p>Se deixar um coment\u00e1rio, o coment\u00e1rio e os seus metadados s\u00e3o retidos indefinidamente. Isto acontece para que possamos reconhecer e aprovar quaisquer coment\u00e1rios de seguimento automaticamente, em vez de os mantermos numa fila de modera\u00e7\u00e3o.<\/p>\n\n\n\n<p>Para os utilizadores que se registam no nosso site (se houver), tamb\u00e9m armazenamos as informa\u00e7\u00f5es pessoais que fornecem no seu perfil de utilizador. Todos os utilizadores podem ver, editar ou eliminar as suas informa\u00e7\u00f5es pessoais a qualquer momento (exceto que n\u00e3o podem alterar o seu nome de utilizador). Os administradores do site tamb\u00e9m podem ver e editar essas informa\u00e7\u00f5es.<\/p>\n\n\n\n<h2 class=\"wp-block-heading\">Que direitos tem sobre os seus dados<\/h2>\n\n\n\n<p>Se tiver uma conta neste site, ou tiver deixado coment\u00e1rios, pode solicitar o recebimento de um ficheiro exportado dos dados pessoais que mantemos sobre si, incluindo quaisquer dados que nos tenha fornecido. Tamb\u00e9m pode solicitar que apaguemos quaisquer dados pessoais que mantemos sobre si. Isto n\u00e3o inclui quaisquer dados que sejamos obrigados a manter para fins administrativos, legais ou de seguran\u00e7a.<\/p>\n\n\n\n<h2 class=\"wp-block-heading\">Para onde os seus dados s\u00e3o enviados<\/h2>\n\n\n\n<p>Os coment\u00e1rios dos visitantes podem ser verificados atrav\u00e9s de um servi\u00e7o autom\u00e1tico de dete\u00e7\u00e3o de spam.<\/p>\n<\/div>\n","protected":false},"excerpt":{"rendered":"<p>Quem somos O endere\u00e7o do nosso site pinco casino \u00e9: https:\/\/pinco-casino1.com. Coment\u00e1rios Quando os visitantes deixam coment\u00e1rios no site, recolhemos os dados exibidos no formul\u00e1rio de coment\u00e1rios, bem como o endere\u00e7o de IP do visitante e a string do agente do utilizador do navegador para ajudar na dete\u00e7\u00e3o de spam. Uma string an\u00f3nima criada a [&hellip;]<\/p>\n","protected":false},"author":1,"featured_media":0,"parent":0,"menu_order":0,"comment_status":"closed","ping_status":"closed","template":"","meta":{"footnotes":""},"class_list":["post-272","page","type-page","status-publish","hentry"],"yoast_head":"<!-- This site is optimized with the Yoast SEO plugin v27.5 - https:\/\/yoast.com\/product\/yoast-seo-wordpress\/ -->\n<title>Pol\u00edtica de Privacidade<\/title>\n<meta name=\"robots\" content=\"index, follow, max-snippet:-1, max-image-preview:large, max-video-preview:-1\" \/>\n<link rel=\"canonical\" href=\"https:\/\/pinco-casino1.com\/pt-pt\/politica-de-privacidade\/\" \/>\n<meta property=\"og:locale\" content=\"pt_PT\" \/>\n<meta property=\"og:type\" content=\"article\" \/>\n<meta property=\"og:title\" content=\"Pol\u00edtica de Privacidade\" \/>\n<meta property=\"og:description\" content=\"Quem somos O endere\u00e7o do nosso site pinco casino \u00e9: https:\/\/pinco-casino1.com. Coment\u00e1rios Quando os visitantes deixam coment\u00e1rios no site, recolhemos os dados exibidos no formul\u00e1rio de coment\u00e1rios, bem como o endere\u00e7o de IP do visitante e a string do agente do utilizador do navegador para ajudar na dete\u00e7\u00e3o de spam. Uma string an\u00f3nima criada a [&hellip;]\" \/>\n<meta property=\"og:url\" content=\"https:\/\/pinco-casino1.com\/pt-pt\/politica-de-privacidade\/\" \/>\n<meta property=\"og:site_name\" content=\"Pinco Casino\" \/>\n<meta property=\"article:modified_time\" content=\"2025-11-13T15:57:35+00:00\" \/>\n<meta property=\"og:image\" content=\"https:\/\/pinco-casino1.com\/wp-content\/uploads\/2025\/04\/Pinco-Page-featured-Image.webp\" \/>\n\t<meta property=\"og:image:width\" content=\"1182\" \/>\n\t<meta property=\"og:image:height\" content=\"417\" \/>\n\t<meta property=\"og:image:type\" content=\"image\/webp\" \/>\n<meta name=\"twitter:card\" content=\"summary_large_image\" \/>\n<meta name=\"twitter:label1\" content=\"Tempo estimado de leitura\" \/>\n\t<meta name=\"twitter:data1\" content=\"3 minutos\" \/>\n<script type=\"application\/ld+json\" class=\"yoast-schema-graph\">{\"@context\":\"https:\\\/\\\/schema.org\",\"@graph\":[{\"@type\":\"WebPage\",\"@id\":\"https:\\\/\\\/pinco-casino1.com\\\/pt-pt\\\/politica-de-privacidade\\\/\",\"url\":\"https:\\\/\\\/pinco-casino1.com\\\/pt-pt\\\/politica-de-privacidade\\\/\",\"name\":\"Pol\u00edtica de Privacidade\",\"isPartOf\":{\"@id\":\"https:\\\/\\\/pinco-casino1.com\\\/pt-pt\\\/#website\"},\"datePublished\":\"2025-02-17T17:23:06+00:00\",\"dateModified\":\"2025-11-13T15:57:35+00:00\",\"breadcrumb\":{\"@id\":\"https:\\\/\\\/pinco-casino1.com\\\/pt-pt\\\/politica-de-privacidade\\\/#breadcrumb\"},\"inLanguage\":\"pt-PT\",\"potentialAction\":[{\"@type\":\"ReadAction\",\"target\":[\"https:\\\/\\\/pinco-casino1.com\\\/pt-pt\\\/politica-de-privacidade\\\/\"]}]},{\"@type\":\"BreadcrumbList\",\"@id\":\"https:\\\/\\\/pinco-casino1.com\\\/pt-pt\\\/politica-de-privacidade\\\/#breadcrumb\",\"itemListElement\":[{\"@type\":\"ListItem\",\"position\":1,\"name\":\"Home\",\"item\":\"https:\\\/\\\/pinco-casino1.com\\\/pt-pt\\\/\"},{\"@type\":\"ListItem\",\"position\":2,\"name\":\"Pol\u00edtica de Privacidade\"}]},{\"@type\":\"WebSite\",\"@id\":\"https:\\\/\\\/pinco-casino1.com\\\/pt-pt\\\/#website\",\"url\":\"https:\\\/\\\/pinco-casino1.com\\\/pt-pt\\\/\",\"name\":\"Pinco Casino\",\"description\":\"5000+ slots, live games, free spins, bonuses and more.\",\"publisher\":{\"@id\":\"https:\\\/\\\/pinco-casino1.com\\\/pt-pt\\\/#organization\"},\"potentialAction\":[{\"@type\":\"SearchAction\",\"target\":{\"@type\":\"EntryPoint\",\"urlTemplate\":\"https:\\\/\\\/pinco-casino1.com\\\/pt-pt\\\/?s={search_term_string}\"},\"query-input\":{\"@type\":\"PropertyValueSpecification\",\"valueRequired\":true,\"valueName\":\"search_term_string\"}}],\"inLanguage\":\"pt-PT\"},{\"@type\":\"Organization\",\"@id\":\"https:\\\/\\\/pinco-casino1.com\\\/pt-pt\\\/#organization\",\"name\":\"Pinco Casino\",\"url\":\"https:\\\/\\\/pinco-casino1.com\\\/pt-pt\\\/\",\"logo\":{\"@type\":\"ImageObject\",\"inLanguage\":\"pt-PT\",\"@id\":\"https:\\\/\\\/pinco-casino1.com\\\/pt-pt\\\/#\\\/schema\\\/logo\\\/image\\\/\",\"url\":\"https:\\\/\\\/pinco-casino1.com\\\/wp-content\\\/uploads\\\/2025\\\/02\\\/cropped-pinco-mini-logo.webp\",\"contentUrl\":\"https:\\\/\\\/pinco-casino1.com\\\/wp-content\\\/uploads\\\/2025\\\/02\\\/cropped-pinco-mini-logo.webp\",\"width\":512,\"height\":512,\"caption\":\"Pinco Casino\"},\"image\":{\"@id\":\"https:\\\/\\\/pinco-casino1.com\\\/pt-pt\\\/#\\\/schema\\\/logo\\\/image\\\/\"}}]}<\/script>\n<!-- \/ Yoast SEO plugin. -->","yoast_head_json":{"title":"Pol\u00edtica de Privacidade","robots":{"index":"index","follow":"follow","max-snippet":"max-snippet:-1","max-image-preview":"max-image-preview:large","max-video-preview":"max-video-preview:-1"},"canonical":"https:\/\/pinco-casino1.com\/pt-pt\/politica-de-privacidade\/","og_locale":"pt_PT","og_type":"article","og_title":"Pol\u00edtica de Privacidade","og_description":"Quem somos O endere\u00e7o do nosso site pinco casino \u00e9: https:\/\/pinco-casino1.com. Coment\u00e1rios Quando os visitantes deixam coment\u00e1rios no site, recolhemos os dados exibidos no formul\u00e1rio de coment\u00e1rios, bem como o endere\u00e7o de IP do visitante e a string do agente do utilizador do navegador para ajudar na dete\u00e7\u00e3o de spam. Uma string an\u00f3nima criada a [&hellip;]","og_url":"https:\/\/pinco-casino1.com\/pt-pt\/politica-de-privacidade\/","og_site_name":"Pinco Casino","article_modified_time":"2025-11-13T15:57:35+00:00","og_image":[{"width":1182,"height":417,"url":"https:\/\/pinco-casino1.com\/wp-content\/uploads\/2025\/04\/Pinco-Page-featured-Image.webp","type":"image\/webp"}],"twitter_card":"summary_large_image","twitter_misc":{"Tempo estimado de leitura":"3 minutos"},"schema":{"@context":"https:\/\/schema.org","@graph":[{"@type":"WebPage","@id":"https:\/\/pinco-casino1.com\/pt-pt\/politica-de-privacidade\/","url":"https:\/\/pinco-casino1.com\/pt-pt\/politica-de-privacidade\/","name":"Pol\u00edtica de Privacidade","isPartOf":{"@id":"https:\/\/pinco-casino1.com\/pt-pt\/#website"},"datePublished":"2025-02-17T17:23:06+00:00","dateModified":"2025-11-13T15:57:35+00:00","breadcrumb":{"@id":"https:\/\/pinco-casino1.com\/pt-pt\/politica-de-privacidade\/#breadcrumb"},"inLanguage":"pt-PT","potentialAction":[{"@type":"ReadAction","target":["https:\/\/pinco-casino1.com\/pt-pt\/politica-de-privacidade\/"]}]},{"@type":"BreadcrumbList","@id":"https:\/\/pinco-casino1.com\/pt-pt\/politica-de-privacidade\/#breadcrumb","itemListElement":[{"@type":"ListItem","position":1,"name":"Home","item":"https:\/\/pinco-casino1.com\/pt-pt\/"},{"@type":"ListItem","position":2,"name":"Pol\u00edtica de Privacidade"}]},{"@type":"WebSite","@id":"https:\/\/pinco-casino1.com\/pt-pt\/#website","url":"https:\/\/pinco-casino1.com\/pt-pt\/","name":"Pinco Casino","description":"5000+ slots, live games, free spins, bonuses and more.","publisher":{"@id":"https:\/\/pinco-casino1.com\/pt-pt\/#organization"},"potentialAction":[{"@type":"SearchAction","target":{"@type":"EntryPoint","urlTemplate":"https:\/\/pinco-casino1.com\/pt-pt\/?s={search_term_string}"},"query-input":{"@type":"PropertyValueSpecification","valueRequired":true,"valueName":"search_term_string"}}],"inLanguage":"pt-PT"},{"@type":"Organization","@id":"https:\/\/pinco-casino1.com\/pt-pt\/#organization","name":"Pinco Casino","url":"https:\/\/pinco-casino1.com\/pt-pt\/","logo":{"@type":"ImageObject","inLanguage":"pt-PT","@id":"https:\/\/pinco-casino1.com\/pt-pt\/#\/schema\/logo\/image\/","url":"https:\/\/pinco-casino1.com\/wp-content\/uploads\/2025\/02\/cropped-pinco-mini-logo.webp","contentUrl":"https:\/\/pinco-casino1.com\/wp-content\/uploads\/2025\/02\/cropped-pinco-mini-logo.webp","width":512,"height":512,"caption":"Pinco Casino"},"image":{"@id":"https:\/\/pinco-casino1.com\/pt-pt\/#\/schema\/logo\/image\/"}}]}},"_links":{"self":[{"href":"https:\/\/pinco-casino1.com\/pt-pt\/wp-json\/wp\/v2\/pages\/272","targetHints":{"allow":["GET"]}}],"collection":[{"href":"https:\/\/pinco-casino1.com\/pt-pt\/wp-json\/wp\/v2\/pages"}],"about":[{"href":"https:\/\/pinco-casino1.com\/pt-pt\/wp-json\/wp\/v2\/types\/page"}],"author":[{"embeddable":true,"href":"https:\/\/pinco-casino1.com\/pt-pt\/wp-json\/wp\/v2\/users\/1"}],"replies":[{"embeddable":true,"href":"https:\/\/pinco-casino1.com\/pt-pt\/wp-json\/wp\/v2\/comments?post=272"}],"version-history":[{"count":1,"href":"https:\/\/pinco-casino1.com\/pt-pt\/wp-json\/wp\/v2\/pages\/272\/revisions"}],"predecessor-version":[{"id":273,"href":"https:\/\/pinco-casino1.com\/pt-pt\/wp-json\/wp\/v2\/pages\/272\/revisions\/273"}],"wp:attachment":[{"href":"https:\/\/pinco-casino1.com\/pt-pt\/wp-json\/wp\/v2\/media?parent=272"}],"curies":[{"name":"wp","href":"https:\/\/api.w.org\/{rel}","templated":true}]}}