{"id":250,"date":"2025-07-01T10:14:46","date_gmt":"2025-07-01T10:14:46","guid":{"rendered":"https:\/\/pinco-casino1.com\/pinco-bet\/"},"modified":"2025-08-27T14:07:36","modified_gmt":"2025-08-27T14:07:36","slug":"pinco-bet","status":"publish","type":"page","link":"https:\/\/pinco-casino1.com\/tr\/pinco-bet\/","title":{"rendered":"Pinco bet&#8217;te bonuslar al\u0131n ve spor bahisleri yap\u0131n"},"content":{"rendered":"\n<div class=\"wp-block-group is-style-content-regular has-global-padding is-layout-constrained wp-block-group-is-layout-constrained is-style-content-regular--1\">\n<h1 class=\"wp-block-heading\"><strong>Pinco Bet 2025 \u00d6zellikleri ve Bonuslar\u0131<\/strong><\/h1>\n\n\n\n<p>Pinco, \u00e7evrimi\u00e7i casino d\u00fcnyas\u0131nda g\u00fc\u00e7l\u00fc bir kimlik olu\u015fturmu\u015f olsa da, bir\u00e7ok oyuncu art\u0131k genellikle Pinco Bet olarak adland\u0131r\u0131lan giderek daha sa\u011flam spor bahis platformunu ke\u015ffediyor. Ancak, ilk casino markas\u0131 son derece rekabet\u00e7i bahis arenas\u0131nda nas\u0131l bir performans sergiliyor? Bu sadece casino oyuncular\u0131 i\u00e7in bir eklenti mi, yoksa ciddi spor bahis\u00e7ileri i\u00e7in bir hedef olarak kendi ba\u015f\u0131na durabilir mi?<\/p>\n\n\n\n<p>Bu 2025 incelemesi, bu soruyu yan\u0131tlamaya adanm\u0131\u015ft\u0131r. Pinco spor kitab\u0131n\u0131 mikroskop alt\u0131na almak i\u00e7in slotlar\u0131 ve masa oyunlar\u0131n\u0131 bir kenara b\u0131rak\u0131yoruz. Bahis kuponunuzun yar\u0131\u015fmac\u0131s\u0131 olup olmad\u0131\u011f\u0131n\u0131 belirlemek i\u00e7in spora \u00f6zel bonuslar\u0131n\u0131, bahis pazarlar\u0131n\u0131, oran kalitesini ve canl\u0131 bahis \u00f6zelliklerini analiz edece\u011fiz.<\/p>\n\n\n\n<h2 class=\"wp-block-heading\"><strong>Kumarhanenin \u00d6tesinde: Pinco&#8217;nun Spor Kitab\u0131na Giri\u015f<\/strong><\/h2>\n\n\n\n<p>\u0130lk izlenimler \u00f6nemlidir. Pinco Bet aray\u00fcz\u00fc temiz, modern ve casino muadilinin tasar\u0131m felsefesinden a\u00e7\u0131k\u00e7a yararlan\u0131yor. Tercih etti\u011finiz sporu ve pazar\u0131 bulmay\u0131 kolayla\u015ft\u0131ran sezgisel bir d\u00fczen se\u00e7erek, baz\u0131 geleneksel bahis\u00e7ilerin da\u011f\u0131n\u0131k, ezici hissinden ka\u00e7\u0131n\u0131r.<\/p>\n\n\n\n<p>Platform, b\u00fcy\u00fck liglerde bahis oynamaktan ho\u015flanan ancak ayn\u0131 zamanda dik bir \u00f6\u011frenme e\u011frisi olmadan ni\u015f pazarlar\u0131 ke\u015ffetme se\u00e7ene\u011fini takdir eden modern rekreasyonel bahis\u00e7i i\u00e7in tasarlanm\u0131\u015f g\u00f6r\u00fcn\u00fcyor. Sert veri analistleri i\u00e7in bir ara\u00e7 gibi de\u011fil, oyuna heyecan katmak isteyen hayranlar i\u00e7in ilgi \u00e7ekici bir platform gibi geliyor.<\/p>\n\n\n\n<figure class=\"wp-block-image aligncenter size-large has-custom-border wp-duotone-midnight-filter\"><img loading=\"lazy\" decoding=\"async\" width=\"1024\" height=\"577\" src=\"https:\/\/pinco-casino1.com\/wp-content\/uploads\/2025\/07\/pico4-1024x577.webp\" alt=\"Pinco Bet\" class=\"wp-image-225\" style=\"border-radius:10px\" srcset=\"https:\/\/pinco-casino1.com\/wp-content\/uploads\/2025\/07\/pico4-1024x577.webp 1024w, https:\/\/pinco-casino1.com\/wp-content\/uploads\/2025\/07\/pico4-300x169.webp 300w, https:\/\/pinco-casino1.com\/wp-content\/uploads\/2025\/07\/pico4-768x433.webp 768w, https:\/\/pinco-casino1.com\/wp-content\/uploads\/2025\/07\/pico4-1536x865.webp 1536w, https:\/\/pinco-casino1.com\/wp-content\/uploads\/2025\/07\/pico4-2048x1153.webp 2048w\" sizes=\"auto, (max-width: 1024px) 100vw, 1024px\" \/><\/figure>\n\n\n\n<h2 class=\"wp-block-heading\"><strong>Spor Ho\u015fgeldin Bonusu ve Promosyonlar\u0131: Bahis\u00e7iler i\u00e7in Neler Sunuluyor?<\/strong><\/h2>\n\n\n\n<p>Hibrit bir platformun stratejisinin netle\u015fti\u011fi yer buras\u0131d\u0131r. Pinco Bet \u00f6zel bir spor bonusu sunuyor mu, yoksa casino promosyonlar\u0131na m\u0131 dayan\u0131yor?<\/p>\n\n\n\n<h3 class=\"wp-block-heading\"><strong>Spora \u00d6zel Kar\u015f\u0131lama Teklifi<\/strong><\/h3>\n\n\n\n<p>Pinco Bet, kar\u015f\u0131lama tekliflerini ak\u0131ll\u0131ca ay\u0131r\u0131r. Yeni spor bahis\u00e7ileri genellikle casino oyuncular\u0131ndan farkl\u0131 bir paketle kar\u015f\u0131lan\u0131r. Ortak teklif, <strong>&#8220;Risksiz Bahis&#8221;<\/strong> veya <strong>&#8220;\u0130lk Bahis Ma\u00e7\u0131d\u0131r&#8221;<\/strong>.<\/p>\n\n\n\n<p>\u00d6rne\u011fin, tipik bir 2025 kar\u015f\u0131lama teklifi \u015f\u00f6yle g\u00f6r\u00fcnebilir:<\/p>\n\n\n\n<ul class=\"wp-block-list\">\n<li><strong>\u0130lk bahsinizi 50 \u20ac &#8216; ya kadar yat\u0131r\u0131n. Kaybederse, t\u00fcm bahsinizi \u00dccretsiz Bahis olarak geri al\u0131rs\u0131n\u0131z.<\/strong><\/li>\n<\/ul>\n\n\n\n<p>Bu t\u00fcr bir bonus, ilk riski ortadan kald\u0131rd\u0131\u011f\u0131 i\u00e7in yeni bahis\u00e7iler i\u00e7in harikad\u0131r. Bir g\u00fcvenlik a\u011f\u0131n\u0131z oldu\u011funu bilerek daha iddial\u0131 bir ilk bahis yapabilirsiniz. Anahtar terimler genellikle eleme bahsinin minimum oranlara (\u00f6rne\u011fin, 1.80 veya -125) yerle\u015ftirilmesini gerektirir ve sonraki \u00dccretsiz Bahis bahsi herhangi bir kazan\u00e7ta iade edilmez.<\/p>\n\n\n\n<h3 class=\"wp-block-heading\"><strong>Ak\u00fcm\u00fclat\u00f6r Art\u0131rmalar\u0131: \u00d6deme \u00d6demelerinizi En \u00dcst D\u00fczeye \u00c7\u0131karma<\/strong><\/h3>\n\n\n\n<p>Pinco Bet, zorlay\u0131c\u0131 bir &#8220;Acca Boost&#8221; promosyonu ile kombine (parlay) bahislerinin pop\u00fclaritesini kucaklar. Bu, ba\u015far\u0131l\u0131 ak\u00fcm\u00fclat\u00f6rlere ekstra kazan\u00e7 y\u00fczdesi ekleyen katmanl\u0131 bir bonus.<\/p>\n\n\n\n<ul class=\"wp-block-list\">\n<li><strong>3 ayakl\u0131 Acca:<\/strong> %3 Bonus<\/li>\n\n\n\n<li><strong>5 <strong>ayakl\u0131 Acca<\/strong>:<\/strong> 10% Bonus<\/li>\n\n\n\n<li><strong>10 <strong><strong>ayakl\u0131 Acca<\/strong><\/strong>:<\/strong> 30% Bonus<\/li>\n\n\n\n<li><strong>15+ ayakl\u0131 Acca:<\/strong> %100&#8217;e Varan Bonus<\/li>\n<\/ul>\n\n\n\n<p>Bu, herhangi bir rekabet\u00e7i bahis\u00e7i i\u00e7in standart ancak temel bir \u00f6zelliktir ve Pinco&#8217;nun katmanl\u0131 \u00f6d\u00fclleri rekabet\u00e7idir ve herhangi bir ekstra risk olmadan potansiyel \u00f6demenizi do\u011frudan art\u0131r\u0131r.<\/p>\n\n\n\n<h2 class=\"wp-block-heading\"><strong>Bahis Piyasalar\u0131 ve Oran Kalitesi: Derin Bir Dal\u0131\u015f<\/strong><\/h2>\n\n\n\n<p>Kaygan bir aray\u00fcz ve iyi bonuslar, sa\u011flam bir bahis se\u00e7enekleri ve adil oranlar temeli olmadan de\u011fersizdir.<\/p>\n\n\n\n<h3 class=\"wp-block-heading\"><strong>Spor ve eSpor \u00c7e\u015fitleri<\/strong><\/h3>\n\n\n\n<p>Pinco Bet kapsaml\u0131 bir spor yelpazesi sunmaktad\u0131r. T\u00fcm b\u00fcy\u00fck oyuncular\u0131 bulacaks\u0131n\u0131z:<\/p>\n\n\n\n<ul class=\"wp-block-list\">\n<li><strong>Futbol (Futbol):<\/strong> UEFA \u015eampiyonlar Ligi&#8217;nden d\u00fcnya \u00e7ap\u0131ndaki alt liglere kadar geni\u015f kapsam.<\/li>\n\n\n\n<li><strong>Basketbol:<\/strong> NBA, EuroLeague ve b\u00fcy\u00fck ulusal ligler.<\/li>\n\n\n\n<li><strong>Tenis:<\/strong> ATP, WTA ve Challenger turlar\u0131.<\/li>\n\n\n\n<li><strong>Amerikan Sporlar\u0131:<\/strong> NFL, MLB, NHL.<\/li>\n<\/ul>\n\n\n\n<p>En \u00f6nemlisi, Pinco Bet, CS:GO, League of Legends, Dota 2 ve Valorant gibi ba\u015fl\u0131klarda pazarlar sunarak <strong>esports&#8217;a<\/strong> da \u00f6nemli bir ad\u0131m att\u0131. Bu, modern ve b\u00fcy\u00fcyen bir bahis\u00e7i demografisine hitap etme niyetinin a\u00e7\u0131k bir sinyalini veriyor.<\/p>\n\n\n\n<h3 class=\"wp-block-heading\"><strong>Pazar Derinli\u011fi: Temellerin \u00d6tesinde<\/strong><\/h3>\n\n\n\n<p>Buras\u0131 harika bir spor kitab\u0131n\u0131 vasat olandan ay\u0131rd\u0131\u011f\u0131n\u0131z yer. Pinco Bet, \u00f6zellikle b\u00fcy\u00fck futbol ma\u00e7lar\u0131 i\u00e7in derin pazarlar sunarak burada iyi bir performans sergiliyor. Sadece bir kazanan se\u00e7mekle s\u0131n\u0131rl\u0131 de\u011filsiniz.<\/p>\n\n\n\n<p>Tipik bir major league futbol ma\u00e7\u0131 i\u00e7in pazar derinli\u011fini kar\u015f\u0131la\u015ft\u0131ral\u0131m:<\/p>\n\n\n\n<figure class=\"wp-block-table\"><table class=\"has-fixed-layout\"><tbody><tr><td><strong>Bahis T\u00fcr\u00fc<\/strong><\/td><td><strong>Temel Bahis \u015eirketi<\/strong><\/td><td><strong>Pinco Bahis<\/strong><\/td><\/tr><tr><td><strong>Ma\u00e7 Sonucu (1X2)<\/strong><\/td><td>&#x2705;<\/td><td>&#x2705;<\/td><\/tr><tr><td><strong>\u00dcst \/ Alt Hedefler (2.5)<\/strong><\/td><td>&#x2705;<\/td><td>&#x2705;<\/td><\/tr><tr><td><strong>Her iki Tak\u0131m da Gol Atacak<\/strong><\/td><td>&#x2705;<\/td><td>&#x2705;<\/td><\/tr><tr><td><strong>Asya Handikap\u0131<\/strong><\/td><td>&#x274c;<\/td><td>&#x2705;<\/td><\/tr><tr><td><strong>K\u00f6\u015fe Pazarlar\u0131 (Toplam, Yar\u0131\u015f)<\/strong><\/td><td>&#x274c;<\/td><td>&#x2705;<\/td><\/tr><tr><td><strong>Oyuncu Destekleri (Gol Atmak, Taranmak)<\/strong><\/td><td>&#x274c;<\/td><td>&#x2705;<\/td><\/tr><tr><td><strong>Do\u011fru Skor \/ Devre Aras\u0131 Sonucu<\/strong><\/td><td><strong>s\u0131n\u0131rl\u0131<\/strong><\/td><td>&#x2705;<\/td><\/tr><\/tbody><\/table><\/figure>\n\n\n\n<p>G\u00f6sterildi\u011fi gibi, Pinco Bet, deneyimli oyuncular\u0131n arad\u0131\u011f\u0131 daha ayr\u0131nt\u0131l\u0131 bahis se\u00e7eneklerini sunar.<\/p>\n\n\n\n<h2 class=\"wp-block-heading\"><strong>Canl\u0131 Bahis Deneyimi: H\u0131z ve \u00d6zellikler<\/strong><\/h2>\n\n\n\n<p>Canl\u0131 bahis, modern spor bahislerinin kalbidir ve Pinco&#8217;nun platformu bunun i\u00e7in tasarlanm\u0131\u015ft\u0131r. Canl\u0131 bahis b\u00f6l\u00fcm\u00fc, oranlar\u0131n \u00f6nemli bir gecikme olmadan neredeyse ger\u00e7ek zamanl\u0131 olarak g\u00fcncellendi\u011fi, h\u0131zl\u0131 bir yap\u0131ya sahiptir.<\/p>\n\n\n\n<h3 class=\"wp-block-heading\"><strong>Canl\u0131 Aray\u00fcz ve H\u0131z<\/strong><\/h3>\n\n\n\n<p>Canl\u0131 aray\u00fcz, \u00f6nemli ger\u00e7ek zamanl\u0131 istatistikler ve sahadaki aksiyonu takip eden dinamik bir ma\u00e7 g\u00f6rselle\u015ftiricisi sunar; bu g\u00f6rselle\u015ftirici ataklar\u0131, tehlikeli ataklar\u0131, topla oynamay\u0131 ve daha fazlas\u0131n\u0131 g\u00f6sterir. Bu, canl\u0131 yay\u0131n mevcut olmad\u0131\u011f\u0131nda bilin\u00e7li canl\u0131 bahis kararlar\u0131 vermek i\u00e7in hayati \u00f6nem ta\u015f\u0131r.<\/p>\n\n\n\n<h3 class=\"wp-block-heading\"><strong>Bahis Bozdurma ve Bahis Olu\u015fturucu \u0130\u015flevselli\u011fi<\/strong><\/h3>\n\n\n\n<p>Pinco Bet, modern bahis\u00e7iler i\u00e7in iki temel ara\u00e7 i\u00e7erir:<\/p>\n\n\n\n<ol class=\"wp-block-list\">\n<li><strong>Bahis Bozdurma (Cash Out):<\/strong> Bahsiniz kazan\u0131yorsa k\u00e2r\u0131 garantilemek veya aleyhinize gidiyorsa kay\u0131plar\u0131n\u0131z\u0131 azaltmak i\u00e7in bahsinizi etkinlik bitmeden sonu\u00e7land\u0131rabilirsiniz. Hem tam hem de k\u0131smi bahis bozdurma se\u00e7enekleri mevcuttur.<\/li>\n\n\n\n<li><strong>Bahis Olu\u015fturucu (Bet Builder):<\/strong> Bu son derece pop\u00fcler \u00f6zellik, tek bir ma\u00e7 i\u00e7indeki \u00e7e\u015fitli marketlerden kendi \u00f6zel kombine bahsinizi olu\u015fturman\u0131za olanak tan\u0131r. \u00d6rne\u011fin, bir oyuncunun gol atmas\u0131n\u0131, toplam korner say\u0131s\u0131n\u0131 ve bir tak\u0131m\u0131n kazanmas\u0131n\u0131 tek bir bahiste birle\u015ftirerek kendi hesaplanm\u0131\u015f oran\u0131n\u0131z\u0131 olu\u015fturabilirsiniz.<\/li>\n<\/ol>\n\n\n\n<h3 class=\"wp-block-heading\"><strong>Canl\u0131 Yay\u0131n<\/strong><\/h3>\n\n\n\n<p>2025 itibar\u0131yla Pinco Bet&#8217;teki canl\u0131 yay\u0131n hizmeti mevcut ancak s\u0131n\u0131rl\u0131d\u0131r. Baz\u0131 e-spor etkinlikleri ve masa tenisi gibi daha az pop\u00fcler sporlar i\u00e7in yay\u0131nlar bulmay\u0131 bekleyebilirsiniz. Ancak, \u00fcst d\u00fczey futbol veya basketbol ligleri i\u00e7in yay\u0131n haklar\u0131 genellikle dahil de\u011fildir, bu da hibrit platformlar ile \u00fcst d\u00fczey uzman spor bahis siteleri aras\u0131ndaki yayg\u0131n bir farkt\u0131r.<\/p>\n\n\n\n<h2 class=\"wp-block-heading\"><strong>Pinco Bet&#8217;in Uzman Spor Bahis Sitelerine Kar\u015f\u0131 Durumu<\/strong><\/h2>\n\n\n\n<p>Adil bir de\u011ferlendirme yapmak i\u00e7in Pinco Bet&#8217;i casino taraf\u0131yla de\u011fil, kendini sadece spora adam\u0131\u015f bahis siteleriyle kar\u015f\u0131la\u015ft\u0131rmam\u0131z gerekiyor.<\/p>\n\n\n\n<figure class=\"wp-block-table\"><table class=\"has-fixed-layout\"><tbody><tr><td>\u00d6zellik<\/td><td><strong>Pinco Bet<\/strong><\/td><td><strong>1. S\u0131n\u0131f Uzman Spor Bahis Sitesi<\/strong><\/td><\/tr><tr><td><strong>Oran Marj\u0131 (Futbol)<\/strong><\/td><td>~%5-6<\/td><td>~%3-4<\/td><\/tr><tr><td><strong>Ho\u015f Geldin Bonusu<\/strong><\/td><td>50\u20ac&#8217;ya kadar Risksiz Bahis<\/td><td>100\u20ac&#8217;ya kadar %100 Para Yat\u0131rma Bonusu<\/td><\/tr><tr><td><strong>Canl\u0131 Yay\u0131n<\/strong><\/td><td>S\u0131n\u0131rl\u0131 (e-spor, ni\u015f sporlar)<\/td><td>Geni\u015f Kapsaml\u0131 (En iyi ligler dahil)<\/td><\/tr><tr><td><strong>Market \u00c7e\u015fitlili\u011fi<\/strong><\/td><td>B\u00fcy\u00fck sporlar i\u00e7in \u00c7ok \u0130yi<\/td><td>M\u00fckemmel, daha az bilinen ligler dahil<\/td><\/tr><tr><td><strong>Hedef Kitle<\/strong><\/td><td>Hobi ama\u00e7l\u0131 bahis\u00e7iler, casino oyuncular\u0131<\/td><td>Profesyonel ve hobi ama\u00e7l\u0131 bahis\u00e7iler<\/td><\/tr><tr><td><strong>Entegrasyon<\/strong><\/td><td>\u00dcst d\u00fczey bir casino ile sorunsuz<\/td><td>Ba\u011f\u0131ms\u0131z platform<\/td><\/tr><\/tbody><\/table><\/figure>\n\n\n\n<p>Bu kar\u015f\u0131la\u015ft\u0131rma, Pinco Bet&#8217;in stratejik konumunu ortaya koyuyor. Belki bir devin sundu\u011fu \u00e7ok d\u00fc\u015f\u00fck oran marjlar\u0131n\u0131 veya geni\u015f kapsaml\u0131 canl\u0131 yay\u0131nlar\u0131 sunmuyor olabilir, ancak bahis\u00e7ilerin b\u00fcy\u00fck \u00e7o\u011funlu\u011fu i\u00e7in fazlas\u0131yla yeterli olan, zengin \u00f6zelliklere sahip, kullan\u0131c\u0131 dostu bir deneyim sa\u011fl\u0131yor.<\/p>\n\n\n\n<h2 class=\"wp-block-heading\"><strong>Nihai Karar: Pinco Bet, Spor Bahis\u00e7ileri \u0130\u00e7in \u0130yi Bir Se\u00e7im mi?<\/strong><\/h2>\n\n\n\n<p>Spor bahisleri b\u00f6l\u00fcm\u00fcn\u00fcn ayr\u0131nt\u0131l\u0131 bir incelemesinden sonra, Pinco Bet hakk\u0131ndaki karar, birka\u00e7 \u00f6nemli uyar\u0131 ile birlikte ezici bir \u00e7o\u011funlukla olumludur.<\/p>\n\n\n\n<p><strong>Pinco Bet \u015fu ki\u015filer i\u00e7in m\u00fckemmel bir se\u00e7imdir:<\/strong><\/p>\n\n\n\n<ul class=\"wp-block-list\">\n<li><strong>Modern hobi ama\u00e7l\u0131 bahis\u00e7i:<\/strong> B\u00fcy\u00fck sporlara ve e-sporlara bahis yapmaktan ho\u015flan\u0131yorsan\u0131z ve temiz bir aray\u00fcze, harika bir mobil deneyime, Bahis Olu\u015fturucu ve Bahis Bozdurma gibi \u00f6zelliklere de\u011fer veriyorsan\u0131z, Pinco Bet arad\u0131\u011f\u0131n\u0131z\u0131 sunar.<\/li>\n\n\n\n<li><strong>Ayn\u0131 zamanda spor bahisleri de yapan casino oyuncular\u0131:<\/strong> Sorunsuz entegrasyon b\u00fcy\u00fck bir art\u0131d\u0131r. \u00dcst d\u00fczey bir casinonun ve olduk\u00e7a yetkin bir spor bahisleri b\u00f6l\u00fcm\u00fcn\u00fcn keyfini \u00e7\u0131karmak i\u00e7in tek bir hesap ve tek bir c\u00fczdan kullanabilirsiniz.<\/li>\n\n\n\n<li><strong>Yeni ba\u015flayan bahis\u00e7iler:<\/strong> Risksiz Bahis ho\u015f geldin teklifi, ilk bahsinizi kaybetme stresi olmadan \u00e7evrimi\u00e7i bahislere ba\u015flaman\u0131n en iyi yollar\u0131ndan biridir.<\/li>\n<\/ul>\n\n\n\n<p><strong>Pinco Bet \u015fu ki\u015filer i\u00e7in en uygun se\u00e7enek olmayabilir:<\/strong><\/p>\n\n\n\n<ul class=\"wp-block-list\">\n<li><strong>Profesyonel veya yar\u0131 profesyonel bahis\u00e7iler:<\/strong> \u00d6nceli\u011fi her bahiste mutlak en iyi oranlar\u0131 elde etmek olan oyuncular, daha d\u00fc\u015f\u00fck marjlara sahip uzman spor bahis sitelerinde daha fazla de\u011fer bulacakt\u0131r.<\/li>\n\n\n\n<li><strong>B\u00fcy\u00fck \u00f6l\u00e7\u00fcde canl\u0131 yay\u0131na g\u00fcvenen bahis\u00e7iler:<\/strong> Stratejiniz \u00fcst d\u00fczey futbol veya tenis ma\u00e7lar\u0131n\u0131 do\u011frudan bahis sitesinden izlemeyi i\u00e7eriyorsa, s\u0131n\u0131rl\u0131 yay\u0131n se\u00e7enekleri bir dezavantaj olabilir.<\/li>\n<\/ul>\n\n\n\n<p>Sonu\u00e7 olarak, Pinco Bet, sadece sonradan d\u00fc\u015f\u00fcn\u00fclm\u00fc\u015f bir eklentiden \u00e7ok daha fazlas\u0131 olan bir spor bahisleri b\u00f6l\u00fcm\u00fcn\u00fc (<a href=\"https:\/\/pinco-casino1.com\/tr\/\">Pinco Casino<\/a>) ba\u015far\u0131yla in\u015fa etmi\u015ftir. Kendi ba\u015f\u0131na g\u00fc\u00e7l\u00fc durabilen, g\u00f6steri\u015fli ve zengin \u00f6zelliklere sahip bir platformdur. Profesyonel bahis\u00e7iler i\u00e7in uzman devleri taht\u0131ndan edemese de, modern spor hayranlar\u0131 i\u00e7in m\u00fckemmel dengeli ve keyifli bir deneyim sunarak 2025 i\u00e7in \u015fiddetle tavsiye edilen bir platform haline gelmektedir.<\/p>\n<\/div>\n","protected":false},"excerpt":{"rendered":"<p>Pinco Bet 2025 \u00d6zellikleri ve Bonuslar\u0131 Pinco, \u00e7evrimi\u00e7i casino d\u00fcnyas\u0131nda g\u00fc\u00e7l\u00fc bir kimlik olu\u015fturmu\u015f olsa da, bir\u00e7ok oyuncu art\u0131k genellikle Pinco Bet olarak adland\u0131r\u0131lan giderek daha sa\u011flam spor bahis platformunu ke\u015ffediyor. Ancak, ilk casino markas\u0131 son derece rekabet\u00e7i bahis arenas\u0131nda nas\u0131l bir performans sergiliyor? Bu sadece casino oyuncular\u0131 i\u00e7in bir eklenti mi, yoksa ciddi spor [&hellip;]<\/p>\n","protected":false},"author":1,"featured_media":0,"parent":0,"menu_order":0,"comment_status":"closed","ping_status":"closed","template":"","meta":{"footnotes":""},"class_list":["post-250","page","type-page","status-publish","hentry"],"yoast_head":"<!-- This site is optimized with the Yoast SEO plugin v27.5 - https:\/\/yoast.com\/product\/yoast-seo-wordpress\/ -->\n<title>Pinco bet&#039;te bonuslar al\u0131n ve spor bahisleri yap\u0131n<\/title>\n<meta name=\"description\" content=\"Pinco Bet&#039;te spor ve e-spor bahisleri. Uygulama ile ak\u0131ll\u0131 telefonunuzdan veya web sitesi \u00fczerinden bilgisayar\u0131n\u0131zdan eri\u015fin.\" \/>\n<meta name=\"robots\" content=\"index, follow, max-snippet:-1, max-image-preview:large, max-video-preview:-1\" \/>\n<link rel=\"canonical\" href=\"https:\/\/pinco-casino1.com\/tr\/pinco-bet\/\" \/>\n<meta property=\"og:locale\" content=\"tr_TR\" \/>\n<meta property=\"og:type\" content=\"article\" \/>\n<meta property=\"og:title\" content=\"Pinco bet&#039;te bonuslar al\u0131n ve spor bahisleri yap\u0131n\" \/>\n<meta property=\"og:description\" content=\"Pinco Bet&#039;te spor ve e-spor bahisleri. Uygulama ile ak\u0131ll\u0131 telefonunuzdan veya web sitesi \u00fczerinden bilgisayar\u0131n\u0131zdan eri\u015fin.\" \/>\n<meta property=\"og:url\" content=\"https:\/\/pinco-casino1.com\/tr\/pinco-bet\/\" \/>\n<meta property=\"og:site_name\" content=\"Pinco Casino\" \/>\n<meta property=\"article:modified_time\" content=\"2025-08-27T14:07:36+00:00\" \/>\n<meta property=\"og:image\" content=\"https:\/\/pinco-casino1.com\/wp-content\/uploads\/2025\/07\/pico4.webp\" \/>\n\t<meta property=\"og:image:width\" content=\"2074\" \/>\n\t<meta property=\"og:image:height\" content=\"1168\" \/>\n\t<meta property=\"og:image:type\" content=\"image\/webp\" \/>\n<meta name=\"twitter:card\" content=\"summary_large_image\" \/>\n<meta name=\"twitter:label1\" content=\"Tahmini okuma s\u00fcresi\" \/>\n\t<meta name=\"twitter:data1\" content=\"6 dakika\" \/>\n<script type=\"application\/ld+json\" class=\"yoast-schema-graph\">{\"@context\":\"https:\\\/\\\/schema.org\",\"@graph\":[{\"@type\":\"WebPage\",\"@id\":\"https:\\\/\\\/pinco-casino1.com\\\/tr\\\/pinco-bet\\\/\",\"url\":\"https:\\\/\\\/pinco-casino1.com\\\/tr\\\/pinco-bet\\\/\",\"name\":\"Pinco bet'te bonuslar al\u0131n ve spor bahisleri yap\u0131n\",\"isPartOf\":{\"@id\":\"https:\\\/\\\/pinco-casino1.com\\\/tr\\\/#website\"},\"primaryImageOfPage\":{\"@id\":\"https:\\\/\\\/pinco-casino1.com\\\/tr\\\/pinco-bet\\\/#primaryimage\"},\"image\":{\"@id\":\"https:\\\/\\\/pinco-casino1.com\\\/tr\\\/pinco-bet\\\/#primaryimage\"},\"thumbnailUrl\":\"https:\\\/\\\/pinco-casino1.com\\\/wp-content\\\/uploads\\\/2025\\\/07\\\/pico4-1024x577.webp\",\"datePublished\":\"2025-07-01T10:14:46+00:00\",\"dateModified\":\"2025-08-27T14:07:36+00:00\",\"description\":\"Pinco Bet'te spor ve e-spor bahisleri. Uygulama ile ak\u0131ll\u0131 telefonunuzdan veya web sitesi \u00fczerinden bilgisayar\u0131n\u0131zdan eri\u015fin.\",\"breadcrumb\":{\"@id\":\"https:\\\/\\\/pinco-casino1.com\\\/tr\\\/pinco-bet\\\/#breadcrumb\"},\"inLanguage\":\"tr\",\"potentialAction\":[{\"@type\":\"ReadAction\",\"target\":[\"https:\\\/\\\/pinco-casino1.com\\\/tr\\\/pinco-bet\\\/\"]}]},{\"@type\":\"ImageObject\",\"inLanguage\":\"tr\",\"@id\":\"https:\\\/\\\/pinco-casino1.com\\\/tr\\\/pinco-bet\\\/#primaryimage\",\"url\":\"https:\\\/\\\/pinco-casino1.com\\\/wp-content\\\/uploads\\\/2025\\\/07\\\/pico4-1024x577.webp\",\"contentUrl\":\"https:\\\/\\\/pinco-casino1.com\\\/wp-content\\\/uploads\\\/2025\\\/07\\\/pico4-1024x577.webp\"},{\"@type\":\"BreadcrumbList\",\"@id\":\"https:\\\/\\\/pinco-casino1.com\\\/tr\\\/pinco-bet\\\/#breadcrumb\",\"itemListElement\":[{\"@type\":\"ListItem\",\"position\":1,\"name\":\"Home\",\"item\":\"https:\\\/\\\/pinco-casino1.com\\\/tr\\\/\"},{\"@type\":\"ListItem\",\"position\":2,\"name\":\"Pinco bet&#8217;te bonuslar al\u0131n ve spor bahisleri yap\u0131n\"}]},{\"@type\":\"WebSite\",\"@id\":\"https:\\\/\\\/pinco-casino1.com\\\/tr\\\/#website\",\"url\":\"https:\\\/\\\/pinco-casino1.com\\\/tr\\\/\",\"name\":\"Pinco Casino\",\"description\":\"5000+ slots, live games, free spins, bonuses and more.\",\"publisher\":{\"@id\":\"https:\\\/\\\/pinco-casino1.com\\\/tr\\\/#organization\"},\"potentialAction\":[{\"@type\":\"SearchAction\",\"target\":{\"@type\":\"EntryPoint\",\"urlTemplate\":\"https:\\\/\\\/pinco-casino1.com\\\/tr\\\/?s={search_term_string}\"},\"query-input\":{\"@type\":\"PropertyValueSpecification\",\"valueRequired\":true,\"valueName\":\"search_term_string\"}}],\"inLanguage\":\"tr\"},{\"@type\":\"Organization\",\"@id\":\"https:\\\/\\\/pinco-casino1.com\\\/tr\\\/#organization\",\"name\":\"Pinco Casino\",\"url\":\"https:\\\/\\\/pinco-casino1.com\\\/tr\\\/\",\"logo\":{\"@type\":\"ImageObject\",\"inLanguage\":\"tr\",\"@id\":\"https:\\\/\\\/pinco-casino1.com\\\/tr\\\/#\\\/schema\\\/logo\\\/image\\\/\",\"url\":\"https:\\\/\\\/pinco-casino1.com\\\/wp-content\\\/uploads\\\/2025\\\/02\\\/cropped-pinco-mini-logo.webp\",\"contentUrl\":\"https:\\\/\\\/pinco-casino1.com\\\/wp-content\\\/uploads\\\/2025\\\/02\\\/cropped-pinco-mini-logo.webp\",\"width\":512,\"height\":512,\"caption\":\"Pinco Casino\"},\"image\":{\"@id\":\"https:\\\/\\\/pinco-casino1.com\\\/tr\\\/#\\\/schema\\\/logo\\\/image\\\/\"}}]}<\/script>\n<!-- \/ Yoast SEO plugin. -->","yoast_head_json":{"title":"Pinco bet'te bonuslar al\u0131n ve spor bahisleri yap\u0131n","description":"Pinco Bet'te spor ve e-spor bahisleri. Uygulama ile ak\u0131ll\u0131 telefonunuzdan veya web sitesi \u00fczerinden bilgisayar\u0131n\u0131zdan eri\u015fin.","robots":{"index":"index","follow":"follow","max-snippet":"max-snippet:-1","max-image-preview":"max-image-preview:large","max-video-preview":"max-video-preview:-1"},"canonical":"https:\/\/pinco-casino1.com\/tr\/pinco-bet\/","og_locale":"tr_TR","og_type":"article","og_title":"Pinco bet'te bonuslar al\u0131n ve spor bahisleri yap\u0131n","og_description":"Pinco Bet'te spor ve e-spor bahisleri. Uygulama ile ak\u0131ll\u0131 telefonunuzdan veya web sitesi \u00fczerinden bilgisayar\u0131n\u0131zdan eri\u015fin.","og_url":"https:\/\/pinco-casino1.com\/tr\/pinco-bet\/","og_site_name":"Pinco Casino","article_modified_time":"2025-08-27T14:07:36+00:00","og_image":[{"width":2074,"height":1168,"url":"https:\/\/pinco-casino1.com\/wp-content\/uploads\/2025\/07\/pico4.webp","type":"image\/webp"}],"twitter_card":"summary_large_image","twitter_misc":{"Tahmini okuma s\u00fcresi":"6 dakika"},"schema":{"@context":"https:\/\/schema.org","@graph":[{"@type":"WebPage","@id":"https:\/\/pinco-casino1.com\/tr\/pinco-bet\/","url":"https:\/\/pinco-casino1.com\/tr\/pinco-bet\/","name":"Pinco bet'te bonuslar al\u0131n ve spor bahisleri yap\u0131n","isPartOf":{"@id":"https:\/\/pinco-casino1.com\/tr\/#website"},"primaryImageOfPage":{"@id":"https:\/\/pinco-casino1.com\/tr\/pinco-bet\/#primaryimage"},"image":{"@id":"https:\/\/pinco-casino1.com\/tr\/pinco-bet\/#primaryimage"},"thumbnailUrl":"https:\/\/pinco-casino1.com\/wp-content\/uploads\/2025\/07\/pico4-1024x577.webp","datePublished":"2025-07-01T10:14:46+00:00","dateModified":"2025-08-27T14:07:36+00:00","description":"Pinco Bet'te spor ve e-spor bahisleri. Uygulama ile ak\u0131ll\u0131 telefonunuzdan veya web sitesi \u00fczerinden bilgisayar\u0131n\u0131zdan eri\u015fin.","breadcrumb":{"@id":"https:\/\/pinco-casino1.com\/tr\/pinco-bet\/#breadcrumb"},"inLanguage":"tr","potentialAction":[{"@type":"ReadAction","target":["https:\/\/pinco-casino1.com\/tr\/pinco-bet\/"]}]},{"@type":"ImageObject","inLanguage":"tr","@id":"https:\/\/pinco-casino1.com\/tr\/pinco-bet\/#primaryimage","url":"https:\/\/pinco-casino1.com\/wp-content\/uploads\/2025\/07\/pico4-1024x577.webp","contentUrl":"https:\/\/pinco-casino1.com\/wp-content\/uploads\/2025\/07\/pico4-1024x577.webp"},{"@type":"BreadcrumbList","@id":"https:\/\/pinco-casino1.com\/tr\/pinco-bet\/#breadcrumb","itemListElement":[{"@type":"ListItem","position":1,"name":"Home","item":"https:\/\/pinco-casino1.com\/tr\/"},{"@type":"ListItem","position":2,"name":"Pinco bet&#8217;te bonuslar al\u0131n ve spor bahisleri yap\u0131n"}]},{"@type":"WebSite","@id":"https:\/\/pinco-casino1.com\/tr\/#website","url":"https:\/\/pinco-casino1.com\/tr\/","name":"Pinco Casino","description":"5000+ slots, live games, free spins, bonuses and more.","publisher":{"@id":"https:\/\/pinco-casino1.com\/tr\/#organization"},"potentialAction":[{"@type":"SearchAction","target":{"@type":"EntryPoint","urlTemplate":"https:\/\/pinco-casino1.com\/tr\/?s={search_term_string}"},"query-input":{"@type":"PropertyValueSpecification","valueRequired":true,"valueName":"search_term_string"}}],"inLanguage":"tr"},{"@type":"Organization","@id":"https:\/\/pinco-casino1.com\/tr\/#organization","name":"Pinco Casino","url":"https:\/\/pinco-casino1.com\/tr\/","logo":{"@type":"ImageObject","inLanguage":"tr","@id":"https:\/\/pinco-casino1.com\/tr\/#\/schema\/logo\/image\/","url":"https:\/\/pinco-casino1.com\/wp-content\/uploads\/2025\/02\/cropped-pinco-mini-logo.webp","contentUrl":"https:\/\/pinco-casino1.com\/wp-content\/uploads\/2025\/02\/cropped-pinco-mini-logo.webp","width":512,"height":512,"caption":"Pinco Casino"},"image":{"@id":"https:\/\/pinco-casino1.com\/tr\/#\/schema\/logo\/image\/"}}]}},"_links":{"self":[{"href":"https:\/\/pinco-casino1.com\/tr\/wp-json\/wp\/v2\/pages\/250","targetHints":{"allow":["GET"]}}],"collection":[{"href":"https:\/\/pinco-casino1.com\/tr\/wp-json\/wp\/v2\/pages"}],"about":[{"href":"https:\/\/pinco-casino1.com\/tr\/wp-json\/wp\/v2\/types\/page"}],"author":[{"embeddable":true,"href":"https:\/\/pinco-casino1.com\/tr\/wp-json\/wp\/v2\/users\/1"}],"replies":[{"embeddable":true,"href":"https:\/\/pinco-casino1.com\/tr\/wp-json\/wp\/v2\/comments?post=250"}],"version-history":[{"count":2,"href":"https:\/\/pinco-casino1.com\/tr\/wp-json\/wp\/v2\/pages\/250\/revisions"}],"predecessor-version":[{"id":254,"href":"https:\/\/pinco-casino1.com\/tr\/wp-json\/wp\/v2\/pages\/250\/revisions\/254"}],"wp:attachment":[{"href":"https:\/\/pinco-casino1.com\/tr\/wp-json\/wp\/v2\/media?parent=250"}],"curies":[{"name":"wp","href":"https:\/\/api.w.org\/{rel}","templated":true}]}}