{"id":263,"date":"2025-08-27T14:42:17","date_gmt":"2025-08-27T14:42:17","guid":{"rendered":"https:\/\/pinco-casino1.com\/pinco-apk\/"},"modified":"2025-08-28T11:38:02","modified_gmt":"2025-08-28T11:38:02","slug":"pinco-apk","status":"publish","type":"page","link":"https:\/\/pinco-casino1.com\/tr\/pinco-apk\/","title":{"rendered":"Pinco apk \u2014 Android i\u00e7in uygulamay\u0131 \u00fccretsiz indirin"},"content":{"rendered":"\n<div class=\"wp-block-group is-style-content-regular has-global-padding is-layout-constrained wp-block-group-is-layout-constrained is-style-content-regular--1\">\n<h1 class=\"wp-block-heading\">Pinco apk \u2014 Android i\u00e7in uygulamay\u0131 indirin ve kurun<\/h1>\n\n\n\n<p>Modern kullan\u0131c\u0131lar, kumar e\u011flencelerini ba\u015flatmak i\u00e7in bilgisayar yerine giderek daha s\u0131k ak\u0131ll\u0131 telefonlar\u0131 tercih ediyor. Geli\u015ftiriciler, oyun deneyimini kolayla\u015ft\u0131rmak amac\u0131yla Android i\u00e7in <a href=\"https:\/\/pinco-casino1.com\/tr\/\">Pinco<\/a> app apk&#8217;s\u0131n\u0131 olu\u015fturdu. Yaz\u0131l\u0131m\u0131 kurmak sadece birka\u00e7 dakika s\u00fcrer ve herhangi bir zor i\u015flem gerektirmez. \u0130ndirme i\u015fleminden sonra oyuncu, bonuslardan g\u00fcvenli \u00f6demelere kadar hesab\u0131na istikrarl\u0131 bir eri\u015fim elde eder.<\/p>\n\n\n\n<figure class=\"wp-block-image size-full has-custom-border wp-duotone-midnight-filter\"><img loading=\"lazy\" decoding=\"async\" width=\"1374\" height=\"922\" src=\"https:\/\/pinco-casino1.com\/wp-content\/uploads\/2025\/08\/pinco-apk-tr.webp\" alt=\"pinco apk t\u00fcm platformlarda biz\" class=\"wp-image-282\" style=\"border-radius:10px\" srcset=\"https:\/\/pinco-casino1.com\/wp-content\/uploads\/2025\/08\/pinco-apk-tr.webp 1374w, https:\/\/pinco-casino1.com\/wp-content\/uploads\/2025\/08\/pinco-apk-tr-300x201.webp 300w, https:\/\/pinco-casino1.com\/wp-content\/uploads\/2025\/08\/pinco-apk-tr-1024x687.webp 1024w, https:\/\/pinco-casino1.com\/wp-content\/uploads\/2025\/08\/pinco-apk-tr-768x515.webp 768w\" sizes=\"auto, (max-width: 1374px) 100vw, 1374px\" \/><\/figure>\n\n\n\n<div class=\"wp-block-buttons is-content-justification-center is-layout-flex wp-container-core-buttons-is-layout-a89b3969 wp-block-buttons-is-layout-flex\">\n<div class=\"wp-block-button\"><a class=\"wp-block-button__link wp-element-button\" href=\"https:\/\/casinorealmoneyonline.su\/topfs.php?key=ugrpb3oomlso5dwzf7c0\" rel=\"nofollow\">APK&#8217;y\u0131 indirin<\/a><\/div>\n<\/div>\n\n\n\n<h2 class=\"wp-block-heading\">Pinco casino apk&#8217;s\u0131n\u0131n \u00d6zellikleri<\/h2>\n\n\n\n<p>Program, resmi web sitesinin t\u00fcm i\u015flevlerini korur. Yaz\u0131l\u0131m, mobil cihazlar i\u00e7in uyarlanm\u0131\u015ft\u0131r. T\u00fcm veriler g\u00fcvenli bir \u015fekilde korunmaktad\u0131r. \u0130\u015flemler g\u00fcvenlidir. Yeni ba\u015flayanlar, basit aray\u00fcz\u00fc anlamakta zorluk \u00e7ekmeyecektir.<\/p>\n\n\n\n<figure class=\"wp-block-table\"><table class=\"has-fixed-layout\"><tbody><tr><td>Desteklenen \u0130\u015fletim Sistemi<\/td><td>Android 6.0 ve \u00fczeri<\/td><\/tr><tr><td>iOS i\u00e7in s\u00fcr\u00fcm<\/td><td>Geli\u015ftirme a\u015famas\u0131nda<\/td><\/tr><tr><td>Dosya boyutu<\/td><td>~ 43 MB<\/td><\/tr><tr><td>G\u00fcncellemeler<\/td><td>Ayda 1 kez<\/td><\/tr><\/tbody><\/table><\/figure>\n\n\n\n<h2 class=\"wp-block-heading\">Pinco bet apk&#8217;s\u0131n\u0131n Avantajlar\u0131<\/h2>\n\n\n\n<p>Yaz\u0131l\u0131m\u0131n temel avantaj\u0131 optimizasyonudur. Yaz\u0131l\u0131m, temel \u00f6zelliklere sahip cihazlarda bile stabil bir \u015fekilde \u00e7al\u0131\u015f\u0131r. Uyarlanabilir ayarlar sayesinde oyuncular, herhangi bir yerden slot oyunlar\u0131na ba\u015far\u0131yla ba\u015flayabilirler.<\/p>\n\n\n\n<p>Yaz\u0131l\u0131m\u0131n \u00f6zellikleri:<\/p>\n\n\n\n<ul class=\"wp-block-list\">\n<li>Minimal veri t\u00fcketimi. Aray\u00fcz ve sunucu \u00e7\u00f6z\u00fcmleri, gerekli t\u00fcm bilgileri indirmek \u00fczere yap\u0131land\u0131r\u0131lm\u0131\u015ft\u0131r. Bu, internetten tasarruf sa\u011flar ve gereksiz gecikmeler olmadan oynaman\u0131za olanak tan\u0131r.<\/li>\n\n\n\n<li>\u00c7al\u0131\u015fma h\u0131z\u0131. B\u00f6l\u00fcmler an\u0131nda a\u00e7\u0131l\u0131r. Slotlar veya bahis hatlar\u0131 aras\u0131nda ge\u00e7i\u015f yapmak saniyeler s\u00fcrer.<\/li>\n\n\n\n<li>Ba\u011flant\u0131 kararl\u0131l\u0131\u011f\u0131. Yaz\u0131l\u0131m, internet ba\u011flant\u0131s\u0131 zay\u0131f oldu\u011funda bile hesaba ve oyun i\u015flevlerine eri\u015fimi s\u00fcrd\u00fcr\u00fcr.<\/li>\n\n\n\n<li>Kullan\u0131c\u0131 dostu aray\u00fcz. T\u00fcm b\u00f6l\u00fcmler, rahat ge\u00e7i\u015fler ve y\u00f6nlendirmeler i\u00e7in sezgisel olarak yerle\u015ftirilmi\u015ftir.<\/li>\n\n\n\n<li>Bonuslara ve promosyonlara eri\u015fim. Ho\u015f geldin bonuslar\u0131 ve geri \u00f6demeler dahil olmak \u00fczere promosyon teklifleri, resmi web sitesindekilerle ayn\u0131d\u0131r.<\/li>\n<\/ul>\n\n\n\n<p>Yaz\u0131l\u0131m\u0131n a\u00e7\u0131k avantajlar\u0131 sayesinde, oyuncular i\u00e7in pratik bir \u00e7\u00f6z\u00fcm haline gelmektedir.<\/p>\n\n\n\n<h2 class=\"wp-block-heading\">Pinco casino apk indir<\/h2>\n\n\n\n<p>Pinco apk indirme i\u015flemini yaln\u0131zca markan\u0131n resmi web sitesinden yapman\u0131z \u00f6nerilir. Ne Google Play&#8217;de ne de App Store&#8217;da mevcut de\u011fildir. Sahtecili\u011fi \u00f6nlemek ve veri g\u00fcvenli\u011fini sa\u011flamak i\u00e7in yaln\u0131zca g\u00fcvenilir bir kaynak kullanmal\u0131s\u0131n\u0131z. Cihaz, Android 6.0 veya \u00fczeri bir s\u00fcr\u00fcmde \u00e7al\u0131\u015fmal\u0131d\u0131r.<\/p>\n\n\n\n<p>Ad\u0131m ad\u0131m talimatlar:<\/p>\n\n\n\n<ol class=\"wp-block-list\">\n<li>Resmi Pinco web sitesine gidin.<\/li>\n\n\n\n<li>\u00abPinco casino download apk\u00bb se\u00e7ene\u011fini se\u00e7in.<\/li>\n\n\n\n<li>Kurulum dosyas\u0131n\u0131 ak\u0131ll\u0131 telefonunuza kaydedin.<\/li>\n\n\n\n<li>\u00dc\u00e7\u00fcnc\u00fc taraf kaynaklardan uygulama y\u00fcklemesine izin verin.<\/li>\n\n\n\n<li>\u0130\u015flemin tamamlanmas\u0131n\u0131 bekleyin ve hesab\u0131n\u0131za giri\u015f yap\u0131n.<\/li>\n<\/ol>\n\n\n\n<p><a href=\"https:\/\/pinco-casino1.com\/tr\/\">Pinco<\/a> app apk indirme i\u015flemini ba\u015faramazsan\u0131z, sayfay\u0131 yenilemeyi veya Gizli modu kullanmay\u0131 deneyin. Site engellenmesi durumunda VPN yard\u0131mc\u0131 olacakt\u0131r. Herhangi bir zorluk durumunda, destek ekibi sorunlar\u0131 \u00e7\u00f6zmeye haz\u0131rd\u0131r.<\/p>\n\n\n\n<h3 class=\"wp-block-heading\">Mobil s\u00fcr\u00fcm<\/h3>\n\n\n\n<p>Mobil format do\u011frudan ak\u0131ll\u0131 telefon taray\u0131c\u0131s\u0131nda a\u00e7\u0131l\u0131r. Aray\u00fcz, b\u00f6l\u00fcmleri koruyarak ekran k\u00f6\u015fegenine otomatik olarak uyum sa\u011flar. Ek kurulum gerekmez.<\/p>\n\n\n\n<p>Optimizasyon, h\u0131zl\u0131 sayfa y\u00fcklemesi ve veri tasarrufu sa\u011flar. Oyunlar gecikmesiz ba\u015flar. Ve g\u00fcvenlik sistemi ki\u015fisel verileri ve finansal i\u015flemleri korur.<\/p>\n\n\n\n<h2 class=\"wp-block-heading\">SSS<\/h2>\n\n\n\n<div class=\"schema-faq wp-block-yoast-faq-block\"><div class=\"schema-faq-section\" id=\"faq-question-1756305624601\"><strong class=\"schema-faq-question\">Uygulama birden fazla dili destekliyor mu?<\/strong> <p class=\"schema-faq-answer\">Evet, aray\u00fcz Rus\u00e7a, \u0130ngilizce ve bir dizi ba\u015fka dilde mevcuttur.<\/p> <\/div> <div class=\"schema-faq-section\" id=\"faq-question-1756305636502\"><strong class=\"schema-faq-question\">Hesaba para yat\u0131rmadan oynayabilece\u011fim demo oyunlar\u0131 var m\u0131?<\/strong> <p class=\"schema-faq-answer\">Evet, slotlar ve baz\u0131 masa\u00fcst\u00fc oyunlar\u0131 \u00fccretsiz modda ba\u015flat\u0131l\u0131r.<\/p> <\/div> <div class=\"schema-faq-section\" id=\"faq-question-1756305645668\"><strong class=\"schema-faq-question\">S\u00fcr\u00fcm\u00fcn g\u00fcncelli\u011fini nas\u0131l kontrol edebilirim?<\/strong> <p class=\"schema-faq-answer\">En son g\u00fcncelleme hakk\u0131ndaki bilgiler yaz\u0131l\u0131m ayarlar\u0131nda g\u00f6r\u00fcnt\u00fclenir.<\/p> <\/div> <div class=\"schema-faq-section\" id=\"faq-question-1756305653010\"><strong class=\"schema-faq-question\">Pinco app apk \u00fczerinden oynarken bonuslar korunur mu?<\/strong> <p class=\"schema-faq-answer\">Evet, promosyonlar ve bonus program\u0131 sitenin \u015fartlar\u0131yla tamamen ayn\u0131d\u0131r.<\/p> <\/div> <\/div>\n<\/div>\n","protected":false},"excerpt":{"rendered":"<p>Pinco apk \u2014 Android i\u00e7in uygulamay\u0131 indirin ve kurun Modern kullan\u0131c\u0131lar, kumar e\u011flencelerini ba\u015flatmak i\u00e7in bilgisayar yerine giderek daha s\u0131k ak\u0131ll\u0131 telefonlar\u0131 tercih ediyor. Geli\u015ftiriciler, oyun deneyimini kolayla\u015ft\u0131rmak amac\u0131yla Android i\u00e7in Pinco app apk&#8217;s\u0131n\u0131 olu\u015fturdu. Yaz\u0131l\u0131m\u0131 kurmak sadece birka\u00e7 dakika s\u00fcrer ve herhangi bir zor i\u015flem gerektirmez. \u0130ndirme i\u015fleminden sonra oyuncu, bonuslardan g\u00fcvenli \u00f6demelere kadar [&hellip;]<\/p>\n","protected":false},"author":1,"featured_media":0,"parent":0,"menu_order":0,"comment_status":"closed","ping_status":"closed","template":"","meta":{"footnotes":""},"class_list":["post-263","page","type-page","status-publish","hentry"],"yoast_head":"<!-- This site is optimized with the Yoast SEO plugin v27.5 - https:\/\/yoast.com\/product\/yoast-seo-wordpress\/ -->\n<title>Pinco apk \u2014 Android i\u00e7in uygulamay\u0131 \u00fccretsiz indirin<\/title>\n<meta name=\"description\" content=\"Android i\u00e7in Pinco apk &#039;y\u0131 indirin. Kolay kurulum ve bahislere ve kumarhanelere h\u0131zl\u0131 eri\u015fim. Yaz\u0131l\u0131m\u0131n \u00f6zellikleri ve avantajlar\u0131. Tek bir uygulamada g\u00fcvenlik.\" \/>\n<meta name=\"robots\" content=\"index, follow, max-snippet:-1, max-image-preview:large, max-video-preview:-1\" \/>\n<link rel=\"canonical\" href=\"https:\/\/pinco-casino1.com\/tr\/pinco-apk\/\" \/>\n<meta property=\"og:locale\" content=\"tr_TR\" \/>\n<meta property=\"og:type\" content=\"article\" \/>\n<meta property=\"og:title\" content=\"Pinco apk \u2014 Android i\u00e7in uygulamay\u0131 \u00fccretsiz indirin\" \/>\n<meta property=\"og:description\" content=\"Android i\u00e7in Pinco apk &#039;y\u0131 indirin. Kolay kurulum ve bahislere ve kumarhanelere h\u0131zl\u0131 eri\u015fim. Yaz\u0131l\u0131m\u0131n \u00f6zellikleri ve avantajlar\u0131. Tek bir uygulamada g\u00fcvenlik.\" \/>\n<meta property=\"og:url\" content=\"https:\/\/pinco-casino1.com\/tr\/pinco-apk\/\" \/>\n<meta property=\"og:site_name\" content=\"Pinco Casino\" \/>\n<meta property=\"article:modified_time\" content=\"2025-08-28T11:38:02+00:00\" \/>\n<meta property=\"og:image\" content=\"https:\/\/pinco-casino1.com\/wp-content\/uploads\/2025\/08\/pinco-apk-tr.webp\" \/>\n\t<meta property=\"og:image:width\" content=\"1374\" \/>\n\t<meta property=\"og:image:height\" content=\"922\" \/>\n\t<meta property=\"og:image:type\" content=\"image\/webp\" \/>\n<meta name=\"twitter:card\" content=\"summary_large_image\" \/>\n<meta name=\"twitter:label1\" content=\"Tahmini okuma s\u00fcresi\" \/>\n\t<meta name=\"twitter:data1\" content=\"3 dakika\" \/>\n<script type=\"application\/ld+json\" class=\"yoast-schema-graph\">{\"@context\":\"https:\\\/\\\/schema.org\",\"@graph\":[{\"@type\":[\"WebPage\",\"FAQPage\"],\"@id\":\"https:\\\/\\\/pinco-casino1.com\\\/tr\\\/pinco-apk\\\/\",\"url\":\"https:\\\/\\\/pinco-casino1.com\\\/tr\\\/pinco-apk\\\/\",\"name\":\"Pinco apk \u2014 Android i\u00e7in uygulamay\u0131 \u00fccretsiz indirin\",\"isPartOf\":{\"@id\":\"https:\\\/\\\/pinco-casino1.com\\\/tr\\\/#website\"},\"primaryImageOfPage\":{\"@id\":\"https:\\\/\\\/pinco-casino1.com\\\/tr\\\/pinco-apk\\\/#primaryimage\"},\"image\":{\"@id\":\"https:\\\/\\\/pinco-casino1.com\\\/tr\\\/pinco-apk\\\/#primaryimage\"},\"thumbnailUrl\":\"https:\\\/\\\/pinco-casino1.com\\\/wp-content\\\/uploads\\\/2025\\\/08\\\/pinco-apk-tr.webp\",\"datePublished\":\"2025-08-27T14:42:17+00:00\",\"dateModified\":\"2025-08-28T11:38:02+00:00\",\"description\":\"Android i\u00e7in Pinco apk 'y\u0131 indirin. Kolay kurulum ve bahislere ve kumarhanelere h\u0131zl\u0131 eri\u015fim. Yaz\u0131l\u0131m\u0131n \u00f6zellikleri ve avantajlar\u0131. Tek bir uygulamada g\u00fcvenlik.\",\"breadcrumb\":{\"@id\":\"https:\\\/\\\/pinco-casino1.com\\\/tr\\\/pinco-apk\\\/#breadcrumb\"},\"mainEntity\":[{\"@id\":\"https:\\\/\\\/pinco-casino1.com\\\/tr\\\/pinco-apk\\\/#faq-question-1756305624601\"},{\"@id\":\"https:\\\/\\\/pinco-casino1.com\\\/tr\\\/pinco-apk\\\/#faq-question-1756305636502\"},{\"@id\":\"https:\\\/\\\/pinco-casino1.com\\\/tr\\\/pinco-apk\\\/#faq-question-1756305645668\"},{\"@id\":\"https:\\\/\\\/pinco-casino1.com\\\/tr\\\/pinco-apk\\\/#faq-question-1756305653010\"}],\"inLanguage\":\"tr\",\"potentialAction\":[{\"@type\":\"ReadAction\",\"target\":[\"https:\\\/\\\/pinco-casino1.com\\\/tr\\\/pinco-apk\\\/\"]}]},{\"@type\":\"ImageObject\",\"inLanguage\":\"tr\",\"@id\":\"https:\\\/\\\/pinco-casino1.com\\\/tr\\\/pinco-apk\\\/#primaryimage\",\"url\":\"https:\\\/\\\/pinco-casino1.com\\\/wp-content\\\/uploads\\\/2025\\\/08\\\/pinco-apk-tr.webp\",\"contentUrl\":\"https:\\\/\\\/pinco-casino1.com\\\/wp-content\\\/uploads\\\/2025\\\/08\\\/pinco-apk-tr.webp\"},{\"@type\":\"BreadcrumbList\",\"@id\":\"https:\\\/\\\/pinco-casino1.com\\\/tr\\\/pinco-apk\\\/#breadcrumb\",\"itemListElement\":[{\"@type\":\"ListItem\",\"position\":1,\"name\":\"Home\",\"item\":\"https:\\\/\\\/pinco-casino1.com\\\/tr\\\/\"},{\"@type\":\"ListItem\",\"position\":2,\"name\":\"Pinco apk \u2014 Android i\u00e7in uygulamay\u0131 \u00fccretsiz indirin\"}]},{\"@type\":\"WebSite\",\"@id\":\"https:\\\/\\\/pinco-casino1.com\\\/tr\\\/#website\",\"url\":\"https:\\\/\\\/pinco-casino1.com\\\/tr\\\/\",\"name\":\"Pinco Casino\",\"description\":\"5000+ slots, live games, free spins, bonuses and more.\",\"publisher\":{\"@id\":\"https:\\\/\\\/pinco-casino1.com\\\/tr\\\/#organization\"},\"potentialAction\":[{\"@type\":\"SearchAction\",\"target\":{\"@type\":\"EntryPoint\",\"urlTemplate\":\"https:\\\/\\\/pinco-casino1.com\\\/tr\\\/?s={search_term_string}\"},\"query-input\":{\"@type\":\"PropertyValueSpecification\",\"valueRequired\":true,\"valueName\":\"search_term_string\"}}],\"inLanguage\":\"tr\"},{\"@type\":\"Organization\",\"@id\":\"https:\\\/\\\/pinco-casino1.com\\\/tr\\\/#organization\",\"name\":\"Pinco Casino\",\"url\":\"https:\\\/\\\/pinco-casino1.com\\\/tr\\\/\",\"logo\":{\"@type\":\"ImageObject\",\"inLanguage\":\"tr\",\"@id\":\"https:\\\/\\\/pinco-casino1.com\\\/tr\\\/#\\\/schema\\\/logo\\\/image\\\/\",\"url\":\"https:\\\/\\\/pinco-casino1.com\\\/wp-content\\\/uploads\\\/2025\\\/02\\\/cropped-pinco-mini-logo.webp\",\"contentUrl\":\"https:\\\/\\\/pinco-casino1.com\\\/wp-content\\\/uploads\\\/2025\\\/02\\\/cropped-pinco-mini-logo.webp\",\"width\":512,\"height\":512,\"caption\":\"Pinco Casino\"},\"image\":{\"@id\":\"https:\\\/\\\/pinco-casino1.com\\\/tr\\\/#\\\/schema\\\/logo\\\/image\\\/\"}},{\"@type\":\"Question\",\"@id\":\"https:\\\/\\\/pinco-casino1.com\\\/tr\\\/pinco-apk\\\/#faq-question-1756305624601\",\"position\":1,\"url\":\"https:\\\/\\\/pinco-casino1.com\\\/tr\\\/pinco-apk\\\/#faq-question-1756305624601\",\"name\":\"Uygulama birden fazla dili destekliyor mu?\",\"answerCount\":1,\"acceptedAnswer\":{\"@type\":\"Answer\",\"text\":\"Evet, aray\u00fcz Rus\u00e7a, \u0130ngilizce ve bir dizi ba\u015fka dilde mevcuttur.\",\"inLanguage\":\"tr\"},\"inLanguage\":\"tr\"},{\"@type\":\"Question\",\"@id\":\"https:\\\/\\\/pinco-casino1.com\\\/tr\\\/pinco-apk\\\/#faq-question-1756305636502\",\"position\":2,\"url\":\"https:\\\/\\\/pinco-casino1.com\\\/tr\\\/pinco-apk\\\/#faq-question-1756305636502\",\"name\":\"Hesaba para yat\u0131rmadan oynayabilece\u011fim demo oyunlar\u0131 var m\u0131?\",\"answerCount\":1,\"acceptedAnswer\":{\"@type\":\"Answer\",\"text\":\"Evet, slotlar ve baz\u0131 masa\u00fcst\u00fc oyunlar\u0131 \u00fccretsiz modda ba\u015flat\u0131l\u0131r.\",\"inLanguage\":\"tr\"},\"inLanguage\":\"tr\"},{\"@type\":\"Question\",\"@id\":\"https:\\\/\\\/pinco-casino1.com\\\/tr\\\/pinco-apk\\\/#faq-question-1756305645668\",\"position\":3,\"url\":\"https:\\\/\\\/pinco-casino1.com\\\/tr\\\/pinco-apk\\\/#faq-question-1756305645668\",\"name\":\"S\u00fcr\u00fcm\u00fcn g\u00fcncelli\u011fini nas\u0131l kontrol edebilirim?\",\"answerCount\":1,\"acceptedAnswer\":{\"@type\":\"Answer\",\"text\":\"En son g\u00fcncelleme hakk\u0131ndaki bilgiler yaz\u0131l\u0131m ayarlar\u0131nda g\u00f6r\u00fcnt\u00fclenir.\",\"inLanguage\":\"tr\"},\"inLanguage\":\"tr\"},{\"@type\":\"Question\",\"@id\":\"https:\\\/\\\/pinco-casino1.com\\\/tr\\\/pinco-apk\\\/#faq-question-1756305653010\",\"position\":4,\"url\":\"https:\\\/\\\/pinco-casino1.com\\\/tr\\\/pinco-apk\\\/#faq-question-1756305653010\",\"name\":\"Pinco app apk \u00fczerinden oynarken bonuslar korunur mu?\",\"answerCount\":1,\"acceptedAnswer\":{\"@type\":\"Answer\",\"text\":\"Evet, promosyonlar ve bonus program\u0131 sitenin \u015fartlar\u0131yla tamamen ayn\u0131d\u0131r.\",\"inLanguage\":\"tr\"},\"inLanguage\":\"tr\"}]}<\/script>\n<!-- \/ Yoast SEO plugin. -->","yoast_head_json":{"title":"Pinco apk \u2014 Android i\u00e7in uygulamay\u0131 \u00fccretsiz indirin","description":"Android i\u00e7in Pinco apk 'y\u0131 indirin. Kolay kurulum ve bahislere ve kumarhanelere h\u0131zl\u0131 eri\u015fim. Yaz\u0131l\u0131m\u0131n \u00f6zellikleri ve avantajlar\u0131. Tek bir uygulamada g\u00fcvenlik.","robots":{"index":"index","follow":"follow","max-snippet":"max-snippet:-1","max-image-preview":"max-image-preview:large","max-video-preview":"max-video-preview:-1"},"canonical":"https:\/\/pinco-casino1.com\/tr\/pinco-apk\/","og_locale":"tr_TR","og_type":"article","og_title":"Pinco apk \u2014 Android i\u00e7in uygulamay\u0131 \u00fccretsiz indirin","og_description":"Android i\u00e7in Pinco apk 'y\u0131 indirin. Kolay kurulum ve bahislere ve kumarhanelere h\u0131zl\u0131 eri\u015fim. Yaz\u0131l\u0131m\u0131n \u00f6zellikleri ve avantajlar\u0131. Tek bir uygulamada g\u00fcvenlik.","og_url":"https:\/\/pinco-casino1.com\/tr\/pinco-apk\/","og_site_name":"Pinco Casino","article_modified_time":"2025-08-28T11:38:02+00:00","og_image":[{"width":1374,"height":922,"url":"https:\/\/pinco-casino1.com\/wp-content\/uploads\/2025\/08\/pinco-apk-tr.webp","type":"image\/webp"}],"twitter_card":"summary_large_image","twitter_misc":{"Tahmini okuma s\u00fcresi":"3 dakika"},"schema":{"@context":"https:\/\/schema.org","@graph":[{"@type":["WebPage","FAQPage"],"@id":"https:\/\/pinco-casino1.com\/tr\/pinco-apk\/","url":"https:\/\/pinco-casino1.com\/tr\/pinco-apk\/","name":"Pinco apk \u2014 Android i\u00e7in uygulamay\u0131 \u00fccretsiz indirin","isPartOf":{"@id":"https:\/\/pinco-casino1.com\/tr\/#website"},"primaryImageOfPage":{"@id":"https:\/\/pinco-casino1.com\/tr\/pinco-apk\/#primaryimage"},"image":{"@id":"https:\/\/pinco-casino1.com\/tr\/pinco-apk\/#primaryimage"},"thumbnailUrl":"https:\/\/pinco-casino1.com\/wp-content\/uploads\/2025\/08\/pinco-apk-tr.webp","datePublished":"2025-08-27T14:42:17+00:00","dateModified":"2025-08-28T11:38:02+00:00","description":"Android i\u00e7in Pinco apk 'y\u0131 indirin. Kolay kurulum ve bahislere ve kumarhanelere h\u0131zl\u0131 eri\u015fim. Yaz\u0131l\u0131m\u0131n \u00f6zellikleri ve avantajlar\u0131. Tek bir uygulamada g\u00fcvenlik.","breadcrumb":{"@id":"https:\/\/pinco-casino1.com\/tr\/pinco-apk\/#breadcrumb"},"mainEntity":[{"@id":"https:\/\/pinco-casino1.com\/tr\/pinco-apk\/#faq-question-1756305624601"},{"@id":"https:\/\/pinco-casino1.com\/tr\/pinco-apk\/#faq-question-1756305636502"},{"@id":"https:\/\/pinco-casino1.com\/tr\/pinco-apk\/#faq-question-1756305645668"},{"@id":"https:\/\/pinco-casino1.com\/tr\/pinco-apk\/#faq-question-1756305653010"}],"inLanguage":"tr","potentialAction":[{"@type":"ReadAction","target":["https:\/\/pinco-casino1.com\/tr\/pinco-apk\/"]}]},{"@type":"ImageObject","inLanguage":"tr","@id":"https:\/\/pinco-casino1.com\/tr\/pinco-apk\/#primaryimage","url":"https:\/\/pinco-casino1.com\/wp-content\/uploads\/2025\/08\/pinco-apk-tr.webp","contentUrl":"https:\/\/pinco-casino1.com\/wp-content\/uploads\/2025\/08\/pinco-apk-tr.webp"},{"@type":"BreadcrumbList","@id":"https:\/\/pinco-casino1.com\/tr\/pinco-apk\/#breadcrumb","itemListElement":[{"@type":"ListItem","position":1,"name":"Home","item":"https:\/\/pinco-casino1.com\/tr\/"},{"@type":"ListItem","position":2,"name":"Pinco apk \u2014 Android i\u00e7in uygulamay\u0131 \u00fccretsiz indirin"}]},{"@type":"WebSite","@id":"https:\/\/pinco-casino1.com\/tr\/#website","url":"https:\/\/pinco-casino1.com\/tr\/","name":"Pinco Casino","description":"5000+ slots, live games, free spins, bonuses and more.","publisher":{"@id":"https:\/\/pinco-casino1.com\/tr\/#organization"},"potentialAction":[{"@type":"SearchAction","target":{"@type":"EntryPoint","urlTemplate":"https:\/\/pinco-casino1.com\/tr\/?s={search_term_string}"},"query-input":{"@type":"PropertyValueSpecification","valueRequired":true,"valueName":"search_term_string"}}],"inLanguage":"tr"},{"@type":"Organization","@id":"https:\/\/pinco-casino1.com\/tr\/#organization","name":"Pinco Casino","url":"https:\/\/pinco-casino1.com\/tr\/","logo":{"@type":"ImageObject","inLanguage":"tr","@id":"https:\/\/pinco-casino1.com\/tr\/#\/schema\/logo\/image\/","url":"https:\/\/pinco-casino1.com\/wp-content\/uploads\/2025\/02\/cropped-pinco-mini-logo.webp","contentUrl":"https:\/\/pinco-casino1.com\/wp-content\/uploads\/2025\/02\/cropped-pinco-mini-logo.webp","width":512,"height":512,"caption":"Pinco Casino"},"image":{"@id":"https:\/\/pinco-casino1.com\/tr\/#\/schema\/logo\/image\/"}},{"@type":"Question","@id":"https:\/\/pinco-casino1.com\/tr\/pinco-apk\/#faq-question-1756305624601","position":1,"url":"https:\/\/pinco-casino1.com\/tr\/pinco-apk\/#faq-question-1756305624601","name":"Uygulama birden fazla dili destekliyor mu?","answerCount":1,"acceptedAnswer":{"@type":"Answer","text":"Evet, aray\u00fcz Rus\u00e7a, \u0130ngilizce ve bir dizi ba\u015fka dilde mevcuttur.","inLanguage":"tr"},"inLanguage":"tr"},{"@type":"Question","@id":"https:\/\/pinco-casino1.com\/tr\/pinco-apk\/#faq-question-1756305636502","position":2,"url":"https:\/\/pinco-casino1.com\/tr\/pinco-apk\/#faq-question-1756305636502","name":"Hesaba para yat\u0131rmadan oynayabilece\u011fim demo oyunlar\u0131 var m\u0131?","answerCount":1,"acceptedAnswer":{"@type":"Answer","text":"Evet, slotlar ve baz\u0131 masa\u00fcst\u00fc oyunlar\u0131 \u00fccretsiz modda ba\u015flat\u0131l\u0131r.","inLanguage":"tr"},"inLanguage":"tr"},{"@type":"Question","@id":"https:\/\/pinco-casino1.com\/tr\/pinco-apk\/#faq-question-1756305645668","position":3,"url":"https:\/\/pinco-casino1.com\/tr\/pinco-apk\/#faq-question-1756305645668","name":"S\u00fcr\u00fcm\u00fcn g\u00fcncelli\u011fini nas\u0131l kontrol edebilirim?","answerCount":1,"acceptedAnswer":{"@type":"Answer","text":"En son g\u00fcncelleme hakk\u0131ndaki bilgiler yaz\u0131l\u0131m ayarlar\u0131nda g\u00f6r\u00fcnt\u00fclenir.","inLanguage":"tr"},"inLanguage":"tr"},{"@type":"Question","@id":"https:\/\/pinco-casino1.com\/tr\/pinco-apk\/#faq-question-1756305653010","position":4,"url":"https:\/\/pinco-casino1.com\/tr\/pinco-apk\/#faq-question-1756305653010","name":"Pinco app apk \u00fczerinden oynarken bonuslar korunur mu?","answerCount":1,"acceptedAnswer":{"@type":"Answer","text":"Evet, promosyonlar ve bonus program\u0131 sitenin \u015fartlar\u0131yla tamamen ayn\u0131d\u0131r.","inLanguage":"tr"},"inLanguage":"tr"}]}},"_links":{"self":[{"href":"https:\/\/pinco-casino1.com\/tr\/wp-json\/wp\/v2\/pages\/263","targetHints":{"allow":["GET"]}}],"collection":[{"href":"https:\/\/pinco-casino1.com\/tr\/wp-json\/wp\/v2\/pages"}],"about":[{"href":"https:\/\/pinco-casino1.com\/tr\/wp-json\/wp\/v2\/types\/page"}],"author":[{"embeddable":true,"href":"https:\/\/pinco-casino1.com\/tr\/wp-json\/wp\/v2\/users\/1"}],"replies":[{"embeddable":true,"href":"https:\/\/pinco-casino1.com\/tr\/wp-json\/wp\/v2\/comments?post=263"}],"version-history":[{"count":4,"href":"https:\/\/pinco-casino1.com\/tr\/wp-json\/wp\/v2\/pages\/263\/revisions"}],"predecessor-version":[{"id":290,"href":"https:\/\/pinco-casino1.com\/tr\/wp-json\/wp\/v2\/pages\/263\/revisions\/290"}],"wp:attachment":[{"href":"https:\/\/pinco-casino1.com\/tr\/wp-json\/wp\/v2\/media?parent=263"}],"curies":[{"name":"wp","href":"https:\/\/api.w.org\/{rel}","templated":true}]}}